{"id":105089,"date":"2026-04-21T15:22:38","date_gmt":"2026-04-21T13:22:38","guid":{"rendered":"https:\/\/dev.mivv.com\/scarico-moto\/hd-005-lh1xa-harley-davidson-road-glide-ultra-2017-2023\/"},"modified":"2026-04-21T15:22:38","modified_gmt":"2026-04-21T13:22:38","slug":"hd-005-lh1xa-harley-davidson-road-glide-ultra-2017-2023","status":"publish","type":"product","link":"https:\/\/dev.mivv.com\/fr\/product\/hd-005-lh1xa-harley-davidson-road-glide-ultra-2017-2023\/","title":{"rendered":"HD.005.LH1XA &#8211; HARLEY DAVIDSON ROAD GLIDE ULTRA 2017 > 2023"},"content":{"rendered":"<p>R\u00e9alis\u00e9 pour am\u00e9liorer <strong>l\u2019aspect, le son et les prestations<\/strong> de la moto, le pot slip-on Mivv est issu de l\u2019attention maximale vers le design, en vue de satisfaire ceux qui souhaitent se <strong>d\u00e9marquer<\/strong> aussi par l\u2019allure de leur moto.<\/p>\n<p>Les \u00e9chappements de la gamme HR-1 ont une forme ronde. Il est compl\u00e9t\u00e9 \u00e0 la sortie par un embout en <strong>alu verni noir<\/strong> ou en <strong>carbone \u00ab\u00a0twill 3K look\u00a0\u00bb.<\/strong><\/p>\n<p>Il est caract\u00e9ris\u00e9 par un corps central en <strong>acier inox<\/strong> avec effet <strong>\u00ab\u00a0Mirror\u00a0\u00bb<\/strong> obtenu gr\u00e2ce \u00e0 un \u00e0 un polissage sp\u00e9cial qui conf\u00e8re au produit un <strong>look \u00ab\u00a0classic style\u00a0\u00bb<\/strong>.<\/p>\n","protected":false},"excerpt":{"rendered":"<p>R\u00e9alis\u00e9 pour am\u00e9liorer l\u2019aspect, le son et les prestations de la moto, le pot slip-on Mivv est issu de l\u2019attention maximale vers le design, en vue de satisfaire ceux qui souhaitent se d\u00e9marquer aussi par l\u2019allure de leur moto. Les \u00e9chappements de la gamme HR-1 ont une forme ronde. Il est compl\u00e9t\u00e9 \u00e0 la sortie [&hellip;]<\/p>\n","protected":false},"featured_media":11514,"template":"","meta":{"_acf_changed":false},"product_brand":[23741,23629,23734],"product_cat":[855],"product_tag":[],"class_list":{"0":"post-105089","1":"product","2":"type-product","3":"status-publish","4":"has-post-thumbnail","6":"product_brand-2017-road-glide-ultra","7":"product_brand-harley-davidson","8":"product_brand-road-glide-ultra","9":"product_cat-2-slip-on","11":"first","12":"instock","13":"shipping-taxable","14":"product-type-simple"},"acf":[],"_links":{"self":[{"href":"https:\/\/dev.mivv.com\/fr\/wp-json\/wp\/v2\/product\/105089","targetHints":{"allow":["GET"]}}],"collection":[{"href":"https:\/\/dev.mivv.com\/fr\/wp-json\/wp\/v2\/product"}],"about":[{"href":"https:\/\/dev.mivv.com\/fr\/wp-json\/wp\/v2\/types\/product"}],"wp:featuredmedia":[{"embeddable":true,"href":"https:\/\/dev.mivv.com\/fr\/wp-json\/wp\/v2\/media\/11514"}],"wp:attachment":[{"href":"https:\/\/dev.mivv.com\/fr\/wp-json\/wp\/v2\/media?parent=105089"}],"wp:term":[{"taxonomy":"product_brand","embeddable":true,"href":"https:\/\/dev.mivv.com\/fr\/wp-json\/wp\/v2\/product_brand?post=105089"},{"taxonomy":"product_cat","embeddable":true,"href":"https:\/\/dev.mivv.com\/fr\/wp-json\/wp\/v2\/product_cat?post=105089"},{"taxonomy":"product_tag","embeddable":true,"href":"https:\/\/dev.mivv.com\/fr\/wp-json\/wp\/v2\/product_tag?post=105089"}],"curies":[{"name":"wp","href":"https:\/\/api.w.org\/{rel}","templated":true}]}}