{"id":68494,"date":"2026-04-15T16:27:03","date_gmt":"2026-04-15T14:27:03","guid":{"rendered":"https:\/\/dev.mivv.com\/scarico-moto\/k-015-lc3-kawasaki-versys-650-2006-2014\/"},"modified":"2026-04-15T16:27:03","modified_gmt":"2026-04-15T14:27:03","slug":"k-015-lc3-kawasaki-versys-650-2006-2014","status":"publish","type":"product","link":"https:\/\/dev.mivv.com\/fr\/product\/k-015-lc3-kawasaki-versys-650-2006-2014\/","title":{"rendered":"K.015.LC3 &#8211; KAWASAKI VERSYS 650 2006 > 2014"},"content":{"rendered":"<p>R\u00e9alis\u00e9 pour am\u00e9liorer <strong>l\u2019aspect, le son et les prestations<\/strong> de la moto, le pot slip-on Mivv est issu de l\u2019attention maximale vers le design, en vue de satisfaire ceux qui souhaitent se <strong>d\u00e9marquer<\/strong> aussi par l\u2019allure de leur moto.<\/p>\n<p>Le pot X-CONE est destin\u00e9 aux motos sportives et n\u00e9o &#8211; r\u00e9tro. Ce silencieux de la forme <strong>conique<\/strong> est caract\u00e9ris\u00e9 par un grand soin des d\u00e9tails. <\/p>\n<p>R\u00e9alis\u00e9 en <strong>acier inox<\/strong> avec finition <strong>bross\u00e9e<\/strong>.<\/p>\n","protected":false},"excerpt":{"rendered":"<p>R\u00e9alis\u00e9 pour am\u00e9liorer l\u2019aspect, le son et les prestations de la moto, le pot slip-on Mivv est issu de l\u2019attention maximale vers le design, en vue de satisfaire ceux qui souhaitent se d\u00e9marquer aussi par l\u2019allure de leur moto. Le pot X-CONE est destin\u00e9 aux motos sportives et n\u00e9o &#8211; r\u00e9tro. Ce silencieux de la [&hellip;]<\/p>\n","protected":false},"featured_media":62816,"template":"","meta":{"_acf_changed":false},"product_brand":[20891,20862,20890],"product_cat":[704],"product_tag":[],"class_list":{"0":"post-68494","1":"product","2":"type-product","3":"status-publish","4":"has-post-thumbnail","6":"product_brand-2006-2014-versys-650","7":"product_brand-kawasaki","8":"product_brand-versys-650","9":"product_cat-slip-on","11":"first","12":"instock","13":"shipping-taxable","14":"product-type-simple"},"acf":[],"_links":{"self":[{"href":"https:\/\/dev.mivv.com\/fr\/wp-json\/wp\/v2\/product\/68494","targetHints":{"allow":["GET"]}}],"collection":[{"href":"https:\/\/dev.mivv.com\/fr\/wp-json\/wp\/v2\/product"}],"about":[{"href":"https:\/\/dev.mivv.com\/fr\/wp-json\/wp\/v2\/types\/product"}],"wp:featuredmedia":[{"embeddable":true,"href":"https:\/\/dev.mivv.com\/fr\/wp-json\/wp\/v2\/media\/62816"}],"wp:attachment":[{"href":"https:\/\/dev.mivv.com\/fr\/wp-json\/wp\/v2\/media?parent=68494"}],"wp:term":[{"taxonomy":"product_brand","embeddable":true,"href":"https:\/\/dev.mivv.com\/fr\/wp-json\/wp\/v2\/product_brand?post=68494"},{"taxonomy":"product_cat","embeddable":true,"href":"https:\/\/dev.mivv.com\/fr\/wp-json\/wp\/v2\/product_cat?post=68494"},{"taxonomy":"product_tag","embeddable":true,"href":"https:\/\/dev.mivv.com\/fr\/wp-json\/wp\/v2\/product_tag?post=68494"}],"curies":[{"name":"wp","href":"https:\/\/api.w.org\/{rel}","templated":true}]}}