{"id":68725,"date":"2026-04-15T16:41:19","date_gmt":"2026-04-15T14:41:19","guid":{"rendered":"https:\/\/dev.mivv.com\/scarico-moto\/k-012-l2s-kawasaki-zx-10-r-rr-se-2004-2005\/"},"modified":"2026-04-15T16:41:19","modified_gmt":"2026-04-15T14:41:19","slug":"k-012-l2s-kawasaki-zx-10-r-rr-se-2004-2005","status":"publish","type":"product","link":"https:\/\/dev.mivv.com\/fr\/product\/k-012-l2s-kawasaki-zx-10-r-rr-se-2004-2005\/","title":{"rendered":"K.012.L2S &#8211; KAWASAKI ZX-10 R \/ RR \/ SE 2004 > 2005"},"content":{"rendered":"<p>R\u00e9alis\u00e9 pour am\u00e9liorer <strong>l\u2019aspect, le son et les prestations<\/strong> de la moto, le pot slip-on Mivv est issu de l\u2019attention maximale vers le design, en vue de satisfaire ceux qui souhaitent se <strong>d\u00e9marquer<\/strong> aussi par l\u2019allure de leur moto.<\/p>\n<p>R\u00e9alis\u00e9 en adoptant les solutions techniques des \u00e9chappements de <strong>comp\u00e9tition<\/strong>, le GP est un silencieux rond et court avec des becs \u00e9largis.<\/p>\n<p>Ayant le corps central en <strong>carbone<\/strong>, ce silencieux est synonyme de l\u00e9g\u00e8ret\u00e9 et caract\u00e8re <strong>sportif.<\/strong><\/p>\n","protected":false},"excerpt":{"rendered":"<p>R\u00e9alis\u00e9 pour am\u00e9liorer l\u2019aspect, le son et les prestations de la moto, le pot slip-on Mivv est issu de l\u2019attention maximale vers le design, en vue de satisfaire ceux qui souhaitent se d\u00e9marquer aussi par l\u2019allure de leur moto. R\u00e9alis\u00e9 en adoptant les solutions techniques des \u00e9chappements de comp\u00e9tition, le GP est un silencieux rond [&hellip;]<\/p>\n","protected":false},"featured_media":62619,"template":"","meta":{"_acf_changed":false},"product_brand":[20939,20862,20938],"product_cat":[704],"product_tag":[],"class_list":{"0":"post-68725","1":"product","2":"type-product","3":"status-publish","4":"has-post-thumbnail","6":"product_brand-2004-zx-10r-rr-se","7":"product_brand-kawasaki","8":"product_brand-zx-10r-rr-se","9":"product_cat-slip-on","11":"first","12":"instock","13":"shipping-taxable","14":"product-type-simple"},"acf":[],"_links":{"self":[{"href":"https:\/\/dev.mivv.com\/fr\/wp-json\/wp\/v2\/product\/68725","targetHints":{"allow":["GET"]}}],"collection":[{"href":"https:\/\/dev.mivv.com\/fr\/wp-json\/wp\/v2\/product"}],"about":[{"href":"https:\/\/dev.mivv.com\/fr\/wp-json\/wp\/v2\/types\/product"}],"wp:featuredmedia":[{"embeddable":true,"href":"https:\/\/dev.mivv.com\/fr\/wp-json\/wp\/v2\/media\/62619"}],"wp:attachment":[{"href":"https:\/\/dev.mivv.com\/fr\/wp-json\/wp\/v2\/media?parent=68725"}],"wp:term":[{"taxonomy":"product_brand","embeddable":true,"href":"https:\/\/dev.mivv.com\/fr\/wp-json\/wp\/v2\/product_brand?post=68725"},{"taxonomy":"product_cat","embeddable":true,"href":"https:\/\/dev.mivv.com\/fr\/wp-json\/wp\/v2\/product_cat?post=68725"},{"taxonomy":"product_tag","embeddable":true,"href":"https:\/\/dev.mivv.com\/fr\/wp-json\/wp\/v2\/product_tag?post=68725"}],"curies":[{"name":"wp","href":"https:\/\/api.w.org\/{rel}","templated":true}]}}