{"id":68795,"date":"2026-04-15T16:41:37","date_gmt":"2026-04-15T14:41:37","guid":{"rendered":"https:\/\/dev.mivv.com\/scarico-moto\/k-026-c1-kawasaki-zx-10-r-rr-se-2011-2015\/"},"modified":"2026-04-15T16:41:37","modified_gmt":"2026-04-15T14:41:37","slug":"k-026-c1-kawasaki-zx-10-r-rr-se-2011-2015","status":"publish","type":"product","link":"https:\/\/dev.mivv.com\/fr\/product\/k-026-c1-kawasaki-zx-10-r-rr-se-2011-2015\/","title":{"rendered":"K.026.C1 &#8211; KAWASAKI ZX-10 R \/ RR \/ SE 2011 > 2015"},"content":{"rendered":"<p>Les tubes d\u00e9catalyseur optionnelles, r\u00e9alis\u00e9s en acier inox, permettent d\u2019augmenter les performances du v\u00e9hicule surtout si associ\u00e9s au silencieux slip-on Mivv en garantissant un look plus \u00ab racing \u00bb et un son incomparable. Les tubes d\u00e9catalyseur ne sont pas homologu\u00e9s pour un usage routier.<\/p>\n","protected":false},"excerpt":{"rendered":"<p>Les tubes d\u00e9catalyseur optionnelles, r\u00e9alis\u00e9s en acier inox, permettent d\u2019augmenter les performances du v\u00e9hicule surtout si associ\u00e9s au silencieux slip-on Mivv en garantissant un look plus \u00ab racing \u00bb et un son incomparable. Les tubes d\u00e9catalyseur ne sont pas homologu\u00e9s pour un usage routier.<\/p>\n","protected":false},"featured_media":29882,"template":"","meta":{"_acf_changed":false},"product_brand":[20942,20862,20938],"product_cat":[794],"product_tag":[],"class_list":{"0":"post-68795","1":"product","2":"type-product","3":"status-publish","4":"has-post-thumbnail","6":"product_brand-2011-zx-10r-rr-se","7":"product_brand-kawasaki","8":"product_brand-zx-10r-rr-se","9":"product_cat-tube-sans-kat","11":"first","12":"instock","13":"shipping-taxable","14":"product-type-simple"},"acf":[],"_links":{"self":[{"href":"https:\/\/dev.mivv.com\/fr\/wp-json\/wp\/v2\/product\/68795","targetHints":{"allow":["GET"]}}],"collection":[{"href":"https:\/\/dev.mivv.com\/fr\/wp-json\/wp\/v2\/product"}],"about":[{"href":"https:\/\/dev.mivv.com\/fr\/wp-json\/wp\/v2\/types\/product"}],"wp:featuredmedia":[{"embeddable":true,"href":"https:\/\/dev.mivv.com\/fr\/wp-json\/wp\/v2\/media\/29882"}],"wp:attachment":[{"href":"https:\/\/dev.mivv.com\/fr\/wp-json\/wp\/v2\/media?parent=68795"}],"wp:term":[{"taxonomy":"product_brand","embeddable":true,"href":"https:\/\/dev.mivv.com\/fr\/wp-json\/wp\/v2\/product_brand?post=68795"},{"taxonomy":"product_cat","embeddable":true,"href":"https:\/\/dev.mivv.com\/fr\/wp-json\/wp\/v2\/product_cat?post=68795"},{"taxonomy":"product_tag","embeddable":true,"href":"https:\/\/dev.mivv.com\/fr\/wp-json\/wp\/v2\/product_tag?post=68795"}],"curies":[{"name":"wp","href":"https:\/\/api.w.org\/{rel}","templated":true}]}}