{"id":69159,"date":"2026-04-15T16:43:08","date_gmt":"2026-04-15T14:43:08","guid":{"rendered":"https:\/\/dev.mivv.com\/scarico-moto\/c-ya-0006-b-yamaha-x-max-250-2006-2016\/"},"modified":"2026-04-15T16:43:08","modified_gmt":"2026-04-15T14:43:08","slug":"c-ya-0006-b-yamaha-x-max-250-2006-2016","status":"publish","type":"product","link":"https:\/\/dev.mivv.com\/fr\/product\/c-ya-0006-b-yamaha-x-max-250-2006-2016\/","title":{"rendered":"C.YA.0006.B \u2013 YAMAHA X-MAX 250 2006 > 2016"},"content":{"rendered":"<p>Les \u00e9chappements Mivv pour scooter ont \u00e9t\u00e9 r\u00e9alis\u00e9s pour am\u00e9liorer le <strong>son<\/strong>, augmenter les <strong>performances<\/strong> et enrichir <strong>l\u2019allure<\/strong> des scooters. Un m\u00e9lange parfait pour avoir un scooter vraiment <strong>sp\u00e9cial<\/strong>.<\/p>\n<p>La URBAN est une gamme alternative en mati\u00e8re d\u2019allure et de caract\u00e9ristiques techniques. Enti\u00e8rement fabriqu\u00e9 en <strong>acier inox bross\u00e9<\/strong>, il allie savamment le style et le prix.<\/p>\n<p> Egalement disponible catalys\u00e9e dans le respect des normes europ\u00e9ennes.<\/p>\n","protected":false},"excerpt":{"rendered":"<p>Les \u00e9chappements Mivv pour scooter ont \u00e9t\u00e9 r\u00e9alis\u00e9s pour am\u00e9liorer le son, augmenter les performances et enrichir l\u2019allure des scooters. Un m\u00e9lange parfait pour avoir un scooter vraiment sp\u00e9cial. La URBAN est une gamme alternative en mati\u00e8re d\u2019allure et de caract\u00e9ristiques techniques. Enti\u00e8rement fabriqu\u00e9 en acier inox bross\u00e9, il allie savamment le style et le [&hellip;]<\/p>\n","protected":false},"featured_media":62549,"template":"","meta":{"_acf_changed":false},"product_brand":[21457,21456,21384],"product_cat":[679],"product_tag":[],"class_list":{"0":"post-69159","1":"product","2":"type-product","3":"status-publish","4":"has-post-thumbnail","6":"product_brand-2006-2016-x-max-250","7":"product_brand-x-max-250","8":"product_brand-yamaha","9":"product_cat-ligne-complete","11":"first","12":"instock","13":"shipping-taxable","14":"product-type-simple"},"acf":[],"_links":{"self":[{"href":"https:\/\/dev.mivv.com\/fr\/wp-json\/wp\/v2\/product\/69159","targetHints":{"allow":["GET"]}}],"collection":[{"href":"https:\/\/dev.mivv.com\/fr\/wp-json\/wp\/v2\/product"}],"about":[{"href":"https:\/\/dev.mivv.com\/fr\/wp-json\/wp\/v2\/types\/product"}],"wp:featuredmedia":[{"embeddable":true,"href":"https:\/\/dev.mivv.com\/fr\/wp-json\/wp\/v2\/media\/62549"}],"wp:attachment":[{"href":"https:\/\/dev.mivv.com\/fr\/wp-json\/wp\/v2\/media?parent=69159"}],"wp:term":[{"taxonomy":"product_brand","embeddable":true,"href":"https:\/\/dev.mivv.com\/fr\/wp-json\/wp\/v2\/product_brand?post=69159"},{"taxonomy":"product_cat","embeddable":true,"href":"https:\/\/dev.mivv.com\/fr\/wp-json\/wp\/v2\/product_cat?post=69159"},{"taxonomy":"product_tag","embeddable":true,"href":"https:\/\/dev.mivv.com\/fr\/wp-json\/wp\/v2\/product_tag?post=69159"}],"curies":[{"name":"wp","href":"https:\/\/api.w.org\/{rel}","templated":true}]}}