{"id":70137,"date":"2026-04-15T17:11:33","date_gmt":"2026-04-15T15:11:33","guid":{"rendered":"https:\/\/dev.mivv.com\/scarico-moto\/t-008-lxb-triumph-speed-triple-r-s-rs-2007-2010\/"},"modified":"2026-04-15T17:11:33","modified_gmt":"2026-04-15T15:11:33","slug":"t-008-lxb-triumph-speed-triple-r-s-rs-2007-2010","status":"publish","type":"product","link":"https:\/\/dev.mivv.com\/fr\/product\/t-008-lxb-triumph-speed-triple-r-s-rs-2007-2010\/","title":{"rendered":"T.008.LXB &#8211; TRIUMPH SPEED TRIPLE R \/ S \/ RS 2007 > 2010"},"content":{"rendered":"<p>R\u00e9alis\u00e9 pour am\u00e9liorer <strong>l\u2019aspect, le son et les prestations<\/strong> de la moto, le pot slip-on Mivv est issu de l\u2019attention maximale vers le design, en vue de satisfaire ceux qui souhaitent se <strong>d\u00e9marquer<\/strong> aussi par l\u2019allure de leur moto.<\/p>\n<p>R\u00e9alis\u00e9 en adoptant les solutions techniques des \u00e9chappements de <strong>comp\u00e9tition<\/strong>, le GP est un silencieux rond et court avec des becs \u00e9largis.<\/p>\n<p>Une enveloppe en acier noir <strong>\u201cBlack Moon\u201d<\/strong> obtenu avec un processus sp\u00e9cial de coloration conf\u00e8re \u00e0 ce silencieux un style plus<strong> agressif.<\/strong><\/p>\n","protected":false},"excerpt":{"rendered":"<p>R\u00e9alis\u00e9 pour am\u00e9liorer l\u2019aspect, le son et les prestations de la moto, le pot slip-on Mivv est issu de l\u2019attention maximale vers le design, en vue de satisfaire ceux qui souhaitent se d\u00e9marquer aussi par l\u2019allure de leur moto. R\u00e9alis\u00e9 en adoptant les solutions techniques des \u00e9chappements de comp\u00e9tition, le GP est un silencieux rond [&hellip;]<\/p>\n","protected":false},"featured_media":62610,"template":"","meta":{"_acf_changed":false},"product_brand":[21340,21338,21337],"product_cat":[704],"product_tag":[],"class_list":{"0":"post-70137","1":"product","2":"type-product","3":"status-publish","4":"has-post-thumbnail","6":"product_brand-2007-2010-speed-triple-1050-r-s-rs","7":"product_brand-speed-triple-1050-r-s-rs","8":"product_brand-triumph","9":"product_cat-slip-on","11":"first","12":"instock","13":"shipping-taxable","14":"product-type-simple"},"acf":[],"_links":{"self":[{"href":"https:\/\/dev.mivv.com\/fr\/wp-json\/wp\/v2\/product\/70137","targetHints":{"allow":["GET"]}}],"collection":[{"href":"https:\/\/dev.mivv.com\/fr\/wp-json\/wp\/v2\/product"}],"about":[{"href":"https:\/\/dev.mivv.com\/fr\/wp-json\/wp\/v2\/types\/product"}],"wp:featuredmedia":[{"embeddable":true,"href":"https:\/\/dev.mivv.com\/fr\/wp-json\/wp\/v2\/media\/62610"}],"wp:attachment":[{"href":"https:\/\/dev.mivv.com\/fr\/wp-json\/wp\/v2\/media?parent=70137"}],"wp:term":[{"taxonomy":"product_brand","embeddable":true,"href":"https:\/\/dev.mivv.com\/fr\/wp-json\/wp\/v2\/product_brand?post=70137"},{"taxonomy":"product_cat","embeddable":true,"href":"https:\/\/dev.mivv.com\/fr\/wp-json\/wp\/v2\/product_cat?post=70137"},{"taxonomy":"product_tag","embeddable":true,"href":"https:\/\/dev.mivv.com\/fr\/wp-json\/wp\/v2\/product_tag?post=70137"}],"curies":[{"name":"wp","href":"https:\/\/api.w.org\/{rel}","templated":true}]}}