{"id":70228,"date":"2026-04-15T17:33:24","date_gmt":"2026-04-15T15:33:24","guid":{"rendered":"https:\/\/dev.mivv.com\/scarico-moto\/y-018-lx1-yamaha-t-max-500-2001-2007\/"},"modified":"2026-04-15T17:33:24","modified_gmt":"2026-04-15T15:33:24","slug":"y-018-lx1-yamaha-t-max-500-2001-2007","status":"publish","type":"product","link":"https:\/\/dev.mivv.com\/fr\/product\/y-018-lx1-yamaha-t-max-500-2001-2007\/","title":{"rendered":"Y.018.LX1 &#8211; YAMAHA T-MAX 500 2001 > 2007"},"content":{"rendered":"<p>Les \u00e9chappements Mivv pour scooter ont \u00e9t\u00e9 r\u00e9alis\u00e9s pour am\u00e9liorer le <strong>son<\/strong>, augmenter les <strong>performances<\/strong> et enrichir <strong>l\u2019allure<\/strong> des scooters. Un m\u00e9lange parfait pour avoir un scooter vraiment <strong>sp\u00e9cial<\/strong>.<\/p>\n","protected":false},"excerpt":{"rendered":"<p>Les \u00e9chappements Mivv pour scooter ont \u00e9t\u00e9 r\u00e9alis\u00e9s pour am\u00e9liorer le son, augmenter les performances et enrichir l\u2019allure des scooters. Un m\u00e9lange parfait pour avoir un scooter vraiment sp\u00e9cial.<\/p>\n","protected":false},"featured_media":62581,"template":"","meta":{"_acf_changed":false},"product_brand":[21422,21421,21384],"product_cat":[679],"product_tag":[],"class_list":{"0":"post-70228","1":"product","2":"type-product","3":"status-publish","4":"has-post-thumbnail","6":"product_brand-2001-2007-t-max-500","7":"product_brand-t-max-500","8":"product_brand-yamaha","9":"product_cat-ligne-complete","11":"first","12":"instock","13":"shipping-taxable","14":"product-type-simple"},"acf":[],"_links":{"self":[{"href":"https:\/\/dev.mivv.com\/fr\/wp-json\/wp\/v2\/product\/70228","targetHints":{"allow":["GET"]}}],"collection":[{"href":"https:\/\/dev.mivv.com\/fr\/wp-json\/wp\/v2\/product"}],"about":[{"href":"https:\/\/dev.mivv.com\/fr\/wp-json\/wp\/v2\/types\/product"}],"wp:featuredmedia":[{"embeddable":true,"href":"https:\/\/dev.mivv.com\/fr\/wp-json\/wp\/v2\/media\/62581"}],"wp:attachment":[{"href":"https:\/\/dev.mivv.com\/fr\/wp-json\/wp\/v2\/media?parent=70228"}],"wp:term":[{"taxonomy":"product_brand","embeddable":true,"href":"https:\/\/dev.mivv.com\/fr\/wp-json\/wp\/v2\/product_brand?post=70228"},{"taxonomy":"product_cat","embeddable":true,"href":"https:\/\/dev.mivv.com\/fr\/wp-json\/wp\/v2\/product_cat?post=70228"},{"taxonomy":"product_tag","embeddable":true,"href":"https:\/\/dev.mivv.com\/fr\/wp-json\/wp\/v2\/product_tag?post=70228"}],"curies":[{"name":"wp","href":"https:\/\/api.w.org\/{rel}","templated":true}]}}