{"id":70235,"date":"2026-04-15T17:33:26","date_gmt":"2026-04-15T15:33:26","guid":{"rendered":"https:\/\/dev.mivv.com\/scarico-moto\/y-018-lxb-yamaha-t-max-500-2001-2007\/"},"modified":"2026-04-15T17:33:26","modified_gmt":"2026-04-15T15:33:26","slug":"y-018-lxb-yamaha-t-max-500-2001-2007","status":"publish","type":"product","link":"https:\/\/dev.mivv.com\/fr\/product\/y-018-lxb-yamaha-t-max-500-2001-2007\/","title":{"rendered":"Y.018.LXB &#8211; YAMAHA T-MAX 500 2001 > 2007"},"content":{"rendered":"<p>Les \u00e9chappements Mivv pour scooter ont \u00e9t\u00e9 r\u00e9alis\u00e9s pour am\u00e9liorer le <strong>son<\/strong>, augmenter les <strong>performances<\/strong> et enrichir <strong>l\u2019allure<\/strong> des scooters. Un m\u00e9lange parfait pour avoir un scooter vraiment <strong>sp\u00e9cial<\/strong>.<\/p>\n<p>R\u00e9alis\u00e9 en adoptant les solutions techniques des \u00e9chappements de <strong>comp\u00e9tition<\/strong>, le GP est un silencieux rond et court avec des becs \u00e9largis.<\/p>\n<p>Une enveloppe en acier noir <strong>\u201cBlack Moon\u201d<\/strong> obtenu avec un processus sp\u00e9cial de coloration conf\u00e8re \u00e0 ce silencieux un style plus<strong> agressif.<\/strong><\/p>\n","protected":false},"excerpt":{"rendered":"<p>Les \u00e9chappements Mivv pour scooter ont \u00e9t\u00e9 r\u00e9alis\u00e9s pour am\u00e9liorer le son, augmenter les performances et enrichir l\u2019allure des scooters. Un m\u00e9lange parfait pour avoir un scooter vraiment sp\u00e9cial. R\u00e9alis\u00e9 en adoptant les solutions techniques des \u00e9chappements de comp\u00e9tition, le GP est un silencieux rond et court avec des becs \u00e9largis. Une enveloppe en acier [&hellip;]<\/p>\n","protected":false},"featured_media":62610,"template":"","meta":{"_acf_changed":false},"product_brand":[21422,21421,21384],"product_cat":[679],"product_tag":[],"class_list":{"0":"post-70235","1":"product","2":"type-product","3":"status-publish","4":"has-post-thumbnail","6":"product_brand-2001-2007-t-max-500","7":"product_brand-t-max-500","8":"product_brand-yamaha","9":"product_cat-ligne-complete","11":"first","12":"instock","13":"shipping-taxable","14":"product-type-simple"},"acf":[],"_links":{"self":[{"href":"https:\/\/dev.mivv.com\/fr\/wp-json\/wp\/v2\/product\/70235","targetHints":{"allow":["GET"]}}],"collection":[{"href":"https:\/\/dev.mivv.com\/fr\/wp-json\/wp\/v2\/product"}],"about":[{"href":"https:\/\/dev.mivv.com\/fr\/wp-json\/wp\/v2\/types\/product"}],"wp:featuredmedia":[{"embeddable":true,"href":"https:\/\/dev.mivv.com\/fr\/wp-json\/wp\/v2\/media\/62610"}],"wp:attachment":[{"href":"https:\/\/dev.mivv.com\/fr\/wp-json\/wp\/v2\/media?parent=70235"}],"wp:term":[{"taxonomy":"product_brand","embeddable":true,"href":"https:\/\/dev.mivv.com\/fr\/wp-json\/wp\/v2\/product_brand?post=70235"},{"taxonomy":"product_cat","embeddable":true,"href":"https:\/\/dev.mivv.com\/fr\/wp-json\/wp\/v2\/product_cat?post=70235"},{"taxonomy":"product_tag","embeddable":true,"href":"https:\/\/dev.mivv.com\/fr\/wp-json\/wp\/v2\/product_tag?post=70235"}],"curies":[{"name":"wp","href":"https:\/\/api.w.org\/{rel}","templated":true}]}}