{"id":70242,"date":"2026-04-15T17:33:28","date_gmt":"2026-04-15T15:33:28","guid":{"rendered":"https:\/\/dev.mivv.com\/scarico-moto\/y-018-l9-yamaha-t-max-500-2001-2007\/"},"modified":"2026-04-15T17:33:28","modified_gmt":"2026-04-15T15:33:28","slug":"y-018-l9-yamaha-t-max-500-2001-2007","status":"publish","type":"product","link":"https:\/\/dev.mivv.com\/fr\/product\/y-018-l9-yamaha-t-max-500-2001-2007\/","title":{"rendered":"Y.018.L9 &#8211; YAMAHA T-MAX 500 2001 > 2007"},"content":{"rendered":"<p>Les \u00e9chappements Mivv pour scooter ont \u00e9t\u00e9 r\u00e9alis\u00e9s pour am\u00e9liorer le <strong>son<\/strong>, augmenter les <strong>performances<\/strong> et enrichir <strong>l\u2019allure<\/strong> des scooters. Un m\u00e9lange parfait pour avoir un scooter vraiment <strong>sp\u00e9cial<\/strong>.<\/p>\n<p>La ligne SUONO est la synth\u00e8se parfaite entre <strong>esth\u00e9tique, innovation et technologie<\/strong> appliqu\u00e9e. Lorsque nous l\u2019avons con\u00e7ue, nous avons choisi les <strong>meilleurs mat\u00e9riaux<\/strong> pour garantir au produit la <strong>l\u00e9g\u00e8ret\u00e9 maximale.<\/strong><\/p>\n<p>La version noir est form\u00e9e d\u2019un corps central en acier inox noir <strong>\u201cBlack Moon\u201d<\/strong>, obtenu avec un processus sp\u00e9cial de coloration qui rend le pot plus <strong>agressif.<\/strong><\/p>\n","protected":false},"excerpt":{"rendered":"<p>Les \u00e9chappements Mivv pour scooter ont \u00e9t\u00e9 r\u00e9alis\u00e9s pour am\u00e9liorer le son, augmenter les performances et enrichir l\u2019allure des scooters. Un m\u00e9lange parfait pour avoir un scooter vraiment sp\u00e9cial. La ligne SUONO est la synth\u00e8se parfaite entre esth\u00e9tique, innovation et technologie appliqu\u00e9e. Lorsque nous l\u2019avons con\u00e7ue, nous avons choisi les meilleurs mat\u00e9riaux pour garantir au [&hellip;]<\/p>\n","protected":false},"featured_media":62600,"template":"","meta":{"_acf_changed":false},"product_brand":[21422,21421,21384],"product_cat":[679],"product_tag":[],"class_list":{"0":"post-70242","1":"product","2":"type-product","3":"status-publish","4":"has-post-thumbnail","6":"product_brand-2001-2007-t-max-500","7":"product_brand-t-max-500","8":"product_brand-yamaha","9":"product_cat-ligne-complete","11":"first","12":"instock","13":"shipping-taxable","14":"product-type-simple"},"acf":[],"_links":{"self":[{"href":"https:\/\/dev.mivv.com\/fr\/wp-json\/wp\/v2\/product\/70242","targetHints":{"allow":["GET"]}}],"collection":[{"href":"https:\/\/dev.mivv.com\/fr\/wp-json\/wp\/v2\/product"}],"about":[{"href":"https:\/\/dev.mivv.com\/fr\/wp-json\/wp\/v2\/types\/product"}],"wp:featuredmedia":[{"embeddable":true,"href":"https:\/\/dev.mivv.com\/fr\/wp-json\/wp\/v2\/media\/62600"}],"wp:attachment":[{"href":"https:\/\/dev.mivv.com\/fr\/wp-json\/wp\/v2\/media?parent=70242"}],"wp:term":[{"taxonomy":"product_brand","embeddable":true,"href":"https:\/\/dev.mivv.com\/fr\/wp-json\/wp\/v2\/product_brand?post=70242"},{"taxonomy":"product_cat","embeddable":true,"href":"https:\/\/dev.mivv.com\/fr\/wp-json\/wp\/v2\/product_cat?post=70242"},{"taxonomy":"product_tag","embeddable":true,"href":"https:\/\/dev.mivv.com\/fr\/wp-json\/wp\/v2\/product_tag?post=70242"}],"curies":[{"name":"wp","href":"https:\/\/api.w.org\/{rel}","templated":true}]}}