{"id":70571,"date":"2026-04-15T17:35:01","date_gmt":"2026-04-15T15:35:01","guid":{"rendered":"https:\/\/dev.mivv.com\/scarico-moto\/y-012-l3-yamaha-yzf-1000-r1-2002-2003\/"},"modified":"2026-04-15T17:35:01","modified_gmt":"2026-04-15T15:35:01","slug":"y-012-l3-yamaha-yzf-1000-r1-2002-2003","status":"publish","type":"product","link":"https:\/\/dev.mivv.com\/fr\/product\/y-012-l3-yamaha-yzf-1000-r1-2002-2003\/","title":{"rendered":"Y.012.L3 &#8211; YAMAHA YZF 1000 R1 2002 > 2003"},"content":{"rendered":"<p>R\u00e9alis\u00e9 pour am\u00e9liorer <strong>l\u2019aspect, le son et les prestations<\/strong> de la moto, le pot slip-on Mivv est issu de l\u2019attention maximale vers le design, en vue de satisfaire ceux qui souhaitent se <strong>d\u00e9marquer<\/strong> aussi par l\u2019allure de leur moto.<\/p>\n<p>L\u2019\u00e9chappement OVAL s\u2019adapte parfaitement \u00e0 n\u2019importe quel type de moto. Peaufin\u00e9 dans les moindres d\u00e9tails, c\u2019est une ligne qui repr\u00e9sente le meilleur compromis entre <strong>design<\/strong> et <strong>performances.<\/strong><\/p>\n<p>Ayant corps en carbone, ce silencieux est synonyme de l\u00e9g\u00e8ret\u00e9 et caract\u00e8re sportif.<\/p>\n","protected":false},"excerpt":{"rendered":"<p>R\u00e9alis\u00e9 pour am\u00e9liorer l\u2019aspect, le son et les prestations de la moto, le pot slip-on Mivv est issu de l\u2019attention maximale vers le design, en vue de satisfaire ceux qui souhaitent se d\u00e9marquer aussi par l\u2019allure de leur moto. L\u2019\u00e9chappement OVAL s\u2019adapte parfaitement \u00e0 n\u2019importe quel type de moto. Peaufin\u00e9 dans les moindres d\u00e9tails, c\u2019est [&hellip;]<\/p>\n","protected":false},"featured_media":62674,"template":"","meta":{"_acf_changed":false},"product_brand":[21484,21384,21482],"product_cat":[704],"product_tag":[],"class_list":{"0":"post-70571","1":"product","2":"type-product","3":"status-publish","4":"has-post-thumbnail","6":"product_brand-2002-2003-yzf-1000-r1","7":"product_brand-yamaha","8":"product_brand-yzf-1000-r1","9":"product_cat-slip-on","11":"first","12":"instock","13":"shipping-taxable","14":"product-type-simple"},"acf":[],"_links":{"self":[{"href":"https:\/\/dev.mivv.com\/fr\/wp-json\/wp\/v2\/product\/70571","targetHints":{"allow":["GET"]}}],"collection":[{"href":"https:\/\/dev.mivv.com\/fr\/wp-json\/wp\/v2\/product"}],"about":[{"href":"https:\/\/dev.mivv.com\/fr\/wp-json\/wp\/v2\/types\/product"}],"wp:featuredmedia":[{"embeddable":true,"href":"https:\/\/dev.mivv.com\/fr\/wp-json\/wp\/v2\/media\/62674"}],"wp:attachment":[{"href":"https:\/\/dev.mivv.com\/fr\/wp-json\/wp\/v2\/media?parent=70571"}],"wp:term":[{"taxonomy":"product_brand","embeddable":true,"href":"https:\/\/dev.mivv.com\/fr\/wp-json\/wp\/v2\/product_brand?post=70571"},{"taxonomy":"product_cat","embeddable":true,"href":"https:\/\/dev.mivv.com\/fr\/wp-json\/wp\/v2\/product_cat?post=70571"},{"taxonomy":"product_tag","embeddable":true,"href":"https:\/\/dev.mivv.com\/fr\/wp-json\/wp\/v2\/product_tag?post=70571"}],"curies":[{"name":"wp","href":"https:\/\/api.w.org\/{rel}","templated":true}]}}