{"id":70627,"date":"2026-04-15T17:35:17","date_gmt":"2026-04-15T15:35:17","guid":{"rendered":"https:\/\/dev.mivv.com\/scarico-moto\/uy-027-c1-yamaha-yzf-1000-r1-2007-2008\/"},"modified":"2026-04-15T17:35:17","modified_gmt":"2026-04-15T15:35:17","slug":"uy-027-c1-yamaha-yzf-1000-r1-2007-2008","status":"publish","type":"product","link":"https:\/\/dev.mivv.com\/fr\/product\/uy-027-c1-yamaha-yzf-1000-r1-2007-2008\/","title":{"rendered":"UY.027.C1 &#8211; YAMAHA YZF 1000 R1 2007 > 2008"},"content":{"rendered":"<p>Les tubes d\u00e9catalyseur optionnelles, r\u00e9alis\u00e9s en acier inox, permettent d\u2019augmenter les performances du v\u00e9hicule surtout si associ\u00e9s au silencieux slip-on Mivv en garantissant un look plus \u00ab racing \u00bb et un son incomparable. Les tubes d\u00e9catalyseur ne sont pas homologu\u00e9s pour un usage routier.<\/p>\n","protected":false},"excerpt":{"rendered":"<p>Les tubes d\u00e9catalyseur optionnelles, r\u00e9alis\u00e9s en acier inox, permettent d\u2019augmenter les performances du v\u00e9hicule surtout si associ\u00e9s au silencieux slip-on Mivv en garantissant un look plus \u00ab racing \u00bb et un son incomparable. Les tubes d\u00e9catalyseur ne sont pas homologu\u00e9s pour un usage routier.<\/p>\n","protected":false},"featured_media":45407,"template":"","meta":{"_acf_changed":false},"product_brand":[21486,21384,21482],"product_cat":[794],"product_tag":[],"class_list":{"0":"post-70627","1":"product","2":"type-product","3":"status-publish","4":"has-post-thumbnail","6":"product_brand-2007-2008-yzf-1000-r1","7":"product_brand-yamaha","8":"product_brand-yzf-1000-r1","9":"product_cat-tube-sans-kat","11":"first","12":"instock","13":"shipping-taxable","14":"product-type-simple"},"acf":[],"_links":{"self":[{"href":"https:\/\/dev.mivv.com\/fr\/wp-json\/wp\/v2\/product\/70627","targetHints":{"allow":["GET"]}}],"collection":[{"href":"https:\/\/dev.mivv.com\/fr\/wp-json\/wp\/v2\/product"}],"about":[{"href":"https:\/\/dev.mivv.com\/fr\/wp-json\/wp\/v2\/types\/product"}],"wp:featuredmedia":[{"embeddable":true,"href":"https:\/\/dev.mivv.com\/fr\/wp-json\/wp\/v2\/media\/45407"}],"wp:attachment":[{"href":"https:\/\/dev.mivv.com\/fr\/wp-json\/wp\/v2\/media?parent=70627"}],"wp:term":[{"taxonomy":"product_brand","embeddable":true,"href":"https:\/\/dev.mivv.com\/fr\/wp-json\/wp\/v2\/product_brand?post=70627"},{"taxonomy":"product_cat","embeddable":true,"href":"https:\/\/dev.mivv.com\/fr\/wp-json\/wp\/v2\/product_cat?post=70627"},{"taxonomy":"product_tag","embeddable":true,"href":"https:\/\/dev.mivv.com\/fr\/wp-json\/wp\/v2\/product_tag?post=70627"}],"curies":[{"name":"wp","href":"https:\/\/api.w.org\/{rel}","templated":true}]}}