{"id":70758,"date":"2026-04-15T17:38:19","date_gmt":"2026-04-15T15:38:19","guid":{"rendered":"https:\/\/dev.mivv.com\/scarico-moto\/m-ya-026-lxc-yamaha-wr-125-r-x-2009-2016\/"},"modified":"2026-04-15T17:38:19","modified_gmt":"2026-04-15T15:38:19","slug":"m-ya-026-lxc-yamaha-wr-125-r-x-2009-2016","status":"publish","type":"product","link":"https:\/\/dev.mivv.com\/fr\/product\/m-ya-026-lxc-yamaha-wr-125-r-x-2009-2016\/","title":{"rendered":"M.YA.026.LXC &#8211; YAMAHA WR 125 R\/X 2009 > 2016"},"content":{"rendered":"<p>Construit avec le <strong>meilleure lay-out <\/strong>possible pour s&rsquo;adapter aux espaces disponibles sur la moto, l&rsquo;\u00e9chappement Mivv STR-1 a \u00e9t\u00e9 con\u00e7u pour garantir les meilleures <strong>performances, fiabilit\u00e9 et r\u00e9duction de poids<\/strong>.<\/p>\n<p>L&rsquo;\u00e9chappement est en <strong>acier inoxydable<\/strong> AISI 304 et dispose d&rsquo;un embout en carbone en twill 3k et est \u00e9quip\u00e9 d&rsquo;un <strong>DB-Killer sp\u00e9cial<\/strong> optimis\u00e9 pour <strong>r\u00e9duire<\/strong> le bruit sans <strong>p\u00e9naliser<\/strong> les performances.<\/p>\n<p>L&rsquo;\u00e9chappement STR-1 a \u00e9t\u00e9 <strong>con\u00e7u<\/strong> pour que le moteur puisse <strong>s&rsquo;exprimer au mieux sur toute<\/strong> la plage de r\u00e9volutions du moteur. Les <strong>tests au banc d\u2019essai<\/strong>, \u00e9galement confirm\u00e9s par les tests sur piste, montrent <strong>d&rsquo;excellentes performances \u00e0 bas comme \u00e0 haut r\u00e9gime<\/strong>.<\/p>\n<p>L&rsquo;\u00e9chappement STR-1 est \u00e9quip\u00e9 de mat\u00e9riaux <strong>insonorisants<\/strong> de derni\u00e8re g\u00e9n\u00e9ration, d\u00e9velopp\u00e9s par notre R&#038;D, et vous permet de respecter les <strong>limites sonores<\/strong> de plus en plus strictes impos\u00e9es par les r\u00e9glementations nationales et internationales pour les <strong>comp\u00e9titions tout-terrain<\/strong>. Le mat\u00e9riau insonorisant est <strong>facilement rempla\u00e7able<\/strong> gr\u00e2ce \u00e0 la pr\u00e9sence <strong>de vis<\/strong> situ\u00e9es dans la partie avant du silencieux qui <strong>facilitent<\/strong> cette op\u00e9ration.<\/p>\n<p>L&rsquo;\u00e9chappement Mivv STR-1 ne n\u00e9cessite pas de <strong>remappage<\/strong>. Le d\u00e9veloppement s&rsquo;est fait <strong>sans aucune modification<\/strong> de l&rsquo;\u00e9lectronique. Il est <strong>interchangeable<\/strong> avec le silencieux d&rsquo;origine.<\/p>\n<p>Ce produit est adapt\u00e9 \u00e0 une utilisation sur <strong>piste et sur parcours ferm\u00e9s<\/strong> uniquement. Il a \u00e9t\u00e9 con\u00e7u pour s&rsquo;adapter \u00e0 une moto <strong>\u00e9quip\u00e9e de s\u00e9rie<\/strong> telle que livr\u00e9e par la soci\u00e9t\u00e9 m\u00e8re.<\/p>\n","protected":false},"excerpt":{"rendered":"<p>Construit avec le meilleure lay-out possible pour s&rsquo;adapter aux espaces disponibles sur la moto, l&rsquo;\u00e9chappement Mivv STR-1 a \u00e9t\u00e9 con\u00e7u pour garantir les meilleures performances, fiabilit\u00e9 et r\u00e9duction de poids. L&rsquo;\u00e9chappement est en acier inoxydable AISI 304 et dispose d&rsquo;un embout en carbone en twill 3k et est \u00e9quip\u00e9 d&rsquo;un DB-Killer sp\u00e9cial optimis\u00e9 pour r\u00e9duire [&hellip;]<\/p>\n","protected":false},"featured_media":45421,"template":"","meta":{"_acf_changed":false},"product_brand":[21450,21449,21384],"product_cat":[704],"product_tag":[],"class_list":{"0":"post-70758","1":"product","2":"type-product","3":"status-publish","4":"has-post-thumbnail","6":"product_brand-2009-2016-wr-125-rx","7":"product_brand-wr-125-rx","8":"product_brand-yamaha","9":"product_cat-slip-on","11":"first","12":"instock","13":"shipping-taxable","14":"product-type-simple"},"acf":[],"_links":{"self":[{"href":"https:\/\/dev.mivv.com\/fr\/wp-json\/wp\/v2\/product\/70758","targetHints":{"allow":["GET"]}}],"collection":[{"href":"https:\/\/dev.mivv.com\/fr\/wp-json\/wp\/v2\/product"}],"about":[{"href":"https:\/\/dev.mivv.com\/fr\/wp-json\/wp\/v2\/types\/product"}],"wp:featuredmedia":[{"embeddable":true,"href":"https:\/\/dev.mivv.com\/fr\/wp-json\/wp\/v2\/media\/45421"}],"wp:attachment":[{"href":"https:\/\/dev.mivv.com\/fr\/wp-json\/wp\/v2\/media?parent=70758"}],"wp:term":[{"taxonomy":"product_brand","embeddable":true,"href":"https:\/\/dev.mivv.com\/fr\/wp-json\/wp\/v2\/product_brand?post=70758"},{"taxonomy":"product_cat","embeddable":true,"href":"https:\/\/dev.mivv.com\/fr\/wp-json\/wp\/v2\/product_cat?post=70758"},{"taxonomy":"product_tag","embeddable":true,"href":"https:\/\/dev.mivv.com\/fr\/wp-json\/wp\/v2\/product_tag?post=70758"}],"curies":[{"name":"wp","href":"https:\/\/api.w.org\/{rel}","templated":true}]}}