{"id":70765,"date":"2026-04-15T17:38:21","date_gmt":"2026-04-15T15:38:21","guid":{"rendered":"https:\/\/dev.mivv.com\/scarico-moto\/m-ya-026-c1-yamaha-wr-125-r-x-2009-2016\/"},"modified":"2026-04-15T17:38:21","modified_gmt":"2026-04-15T15:38:21","slug":"m-ya-026-c1-yamaha-wr-125-r-x-2009-2016","status":"publish","type":"product","link":"https:\/\/dev.mivv.com\/fr\/product\/m-ya-026-c1-yamaha-wr-125-r-x-2009-2016\/","title":{"rendered":"M.YA.026.C1 &#8211; YAMAHA WR 125 R\/X 2009 >2016"},"content":{"rendered":"<p>Les tubes d\u00e9catalyseur optionnelles, r\u00e9alis\u00e9s en acier inox, permettent d\u2019augmenter les performances du v\u00e9hicule surtout si associ\u00e9s au silencieux slip-on Mivv en garantissant un look plus \u00ab racing \u00bb et un son incomparable. Les tubes d\u00e9catalyseur ne sont pas homologu\u00e9s pour un usage routier.<\/p>\n","protected":false},"excerpt":{"rendered":"<p>Les tubes d\u00e9catalyseur optionnelles, r\u00e9alis\u00e9s en acier inox, permettent d\u2019augmenter les performances du v\u00e9hicule surtout si associ\u00e9s au silencieux slip-on Mivv en garantissant un look plus \u00ab racing \u00bb et un son incomparable. Les tubes d\u00e9catalyseur ne sont pas homologu\u00e9s pour un usage routier.<\/p>\n","protected":false},"featured_media":45425,"template":"","meta":{"_acf_changed":false},"product_brand":[21450,21449,21384],"product_cat":[794],"product_tag":[],"class_list":{"0":"post-70765","1":"product","2":"type-product","3":"status-publish","4":"has-post-thumbnail","6":"product_brand-2009-2016-wr-125-rx","7":"product_brand-wr-125-rx","8":"product_brand-yamaha","9":"product_cat-tube-sans-kat","11":"first","12":"instock","13":"shipping-taxable","14":"product-type-simple"},"acf":[],"_links":{"self":[{"href":"https:\/\/dev.mivv.com\/fr\/wp-json\/wp\/v2\/product\/70765","targetHints":{"allow":["GET"]}}],"collection":[{"href":"https:\/\/dev.mivv.com\/fr\/wp-json\/wp\/v2\/product"}],"about":[{"href":"https:\/\/dev.mivv.com\/fr\/wp-json\/wp\/v2\/types\/product"}],"wp:featuredmedia":[{"embeddable":true,"href":"https:\/\/dev.mivv.com\/fr\/wp-json\/wp\/v2\/media\/45425"}],"wp:attachment":[{"href":"https:\/\/dev.mivv.com\/fr\/wp-json\/wp\/v2\/media?parent=70765"}],"wp:term":[{"taxonomy":"product_brand","embeddable":true,"href":"https:\/\/dev.mivv.com\/fr\/wp-json\/wp\/v2\/product_brand?post=70765"},{"taxonomy":"product_cat","embeddable":true,"href":"https:\/\/dev.mivv.com\/fr\/wp-json\/wp\/v2\/product_cat?post=70765"},{"taxonomy":"product_tag","embeddable":true,"href":"https:\/\/dev.mivv.com\/fr\/wp-json\/wp\/v2\/product_tag?post=70765"}],"curies":[{"name":"wp","href":"https:\/\/api.w.org\/{rel}","templated":true}]}}