{"id":70786,"date":"2026-04-15T17:38:26","date_gmt":"2026-04-15T15:38:26","guid":{"rendered":"https:\/\/dev.mivv.com\/scarico-moto\/y-044-l3c-yamaha-mt-07-fz-07-2014-2020\/"},"modified":"2026-04-15T17:38:26","modified_gmt":"2026-04-15T15:38:26","slug":"y-044-l3c-yamaha-mt-07-fz-07-2014-2020","status":"publish","type":"product","link":"https:\/\/dev.mivv.com\/fr\/product\/y-044-l3c-yamaha-mt-07-fz-07-2014-2020\/","title":{"rendered":"Y.044.L3C \u2013 YAMAHA MT-07 \/ FZ-07 2014 > 2020"},"content":{"rendered":"<p>R\u00e9alis\u00e9 pour am\u00e9liorer <strong>l\u2019aspect, le son et les prestations<\/strong> de la moto, le pot slip-on Mivv est issu de l\u2019attention maximale vers le design, en vue de satisfaire ceux qui souhaitent se <strong>d\u00e9marquer<\/strong> aussi par l\u2019allure de leur moto.<\/p>\n<p>L\u2019\u00e9chappement OVAL s\u2019adapte parfaitement \u00e0 n\u2019importe quel type de moto. Peaufin\u00e9 dans les moindres d\u00e9tails, c\u2019est une ligne qui repr\u00e9sente le meilleur compromis entre <strong>design<\/strong> et <strong>performances.<\/strong><\/p>\n<p>Caract\u00e9ris\u00e9 par un corps et un embout en <strong>carbone<\/strong> \u00e0 haute r\u00e9sistance thermique, l\u2019\u00e9chappement pr\u00e9sente des fentes ouvertes sur l\u2019embout qui donnent au silencieux un design plus <strong>sportif.<\/strong><\/p>\n","protected":false},"excerpt":{"rendered":"<p>HOMOLOGU\u00c9 UNIQUEMENT AVEC CATALYSEUR ACC.042.A1 INSTALL\u00c9.<\/p>\n","protected":false},"featured_media":45431,"template":"","meta":{"_acf_changed":false},"product_brand":[21404,21403,21384],"product_cat":[679],"product_tag":[],"class_list":{"0":"post-70786","1":"product","2":"type-product","3":"status-publish","4":"has-post-thumbnail","6":"product_brand-2014-mt-07","7":"product_brand-mt-07-fz-07","8":"product_brand-yamaha","9":"product_cat-ligne-complete","11":"first","12":"instock","13":"shipping-taxable","14":"product-type-simple"},"acf":[],"_links":{"self":[{"href":"https:\/\/dev.mivv.com\/fr\/wp-json\/wp\/v2\/product\/70786","targetHints":{"allow":["GET"]}}],"collection":[{"href":"https:\/\/dev.mivv.com\/fr\/wp-json\/wp\/v2\/product"}],"about":[{"href":"https:\/\/dev.mivv.com\/fr\/wp-json\/wp\/v2\/types\/product"}],"wp:featuredmedia":[{"embeddable":true,"href":"https:\/\/dev.mivv.com\/fr\/wp-json\/wp\/v2\/media\/45431"}],"wp:attachment":[{"href":"https:\/\/dev.mivv.com\/fr\/wp-json\/wp\/v2\/media?parent=70786"}],"wp:term":[{"taxonomy":"product_brand","embeddable":true,"href":"https:\/\/dev.mivv.com\/fr\/wp-json\/wp\/v2\/product_brand?post=70786"},{"taxonomy":"product_cat","embeddable":true,"href":"https:\/\/dev.mivv.com\/fr\/wp-json\/wp\/v2\/product_cat?post=70786"},{"taxonomy":"product_tag","embeddable":true,"href":"https:\/\/dev.mivv.com\/fr\/wp-json\/wp\/v2\/product_tag?post=70786"}],"curies":[{"name":"wp","href":"https:\/\/api.w.org\/{rel}","templated":true}]}}