{"id":70945,"date":"2026-04-15T17:39:03","date_gmt":"2026-04-15T15:39:03","guid":{"rendered":"https:\/\/dev.mivv.com\/scarico-moto\/uy-015-c1-yamaha-fz6-fz6-fazer-2004-2006\/"},"modified":"2026-04-15T17:39:03","modified_gmt":"2026-04-15T15:39:03","slug":"uy-015-c1-yamaha-fz6-fz6-fazer-2004-2006","status":"publish","type":"product","link":"https:\/\/dev.mivv.com\/fr\/product\/uy-015-c1-yamaha-fz6-fz6-fazer-2004-2006\/","title":{"rendered":"UY.015.C1 &#8211; YAMAHA FZ6 \/ FZ6 FAZER 2004 > 2006"},"content":{"rendered":"<p>Les tubes d\u00e9catalyseur optionnelles, r\u00e9alis\u00e9s en acier inox, permettent d\u2019augmenter les performances du v\u00e9hicule surtout si associ\u00e9s au silencieux slip-on Mivv en garantissant un look plus \u00ab racing \u00bb et un son incomparable. Les tubes d\u00e9catalyseur ne sont pas homologu\u00e9s pour un usage routier.<\/p>\n","protected":false},"excerpt":{"rendered":"<p>Les tubes d\u00e9catalyseur optionnelles, r\u00e9alis\u00e9s en acier inox, permettent d\u2019augmenter les performances du v\u00e9hicule surtout si associ\u00e9s au silencieux slip-on Mivv en garantissant un look plus \u00ab racing \u00bb et un son incomparable. Les tubes d\u00e9catalyseur ne sont pas homologu\u00e9s pour un usage routier.<\/p>\n","protected":false},"featured_media":45456,"template":"","meta":{"_acf_changed":false},"product_brand":[21388,21387,21384],"product_cat":[794],"product_tag":[],"class_list":{"0":"post-70945","1":"product","2":"type-product","3":"status-publish","4":"has-post-thumbnail","6":"product_brand-2004-2006-fz6-fz6-fazer","7":"product_brand-fz6-fz6-fazer","8":"product_brand-yamaha","9":"product_cat-tube-sans-kat","11":"first","12":"instock","13":"shipping-taxable","14":"product-type-simple"},"acf":[],"_links":{"self":[{"href":"https:\/\/dev.mivv.com\/fr\/wp-json\/wp\/v2\/product\/70945","targetHints":{"allow":["GET"]}}],"collection":[{"href":"https:\/\/dev.mivv.com\/fr\/wp-json\/wp\/v2\/product"}],"about":[{"href":"https:\/\/dev.mivv.com\/fr\/wp-json\/wp\/v2\/types\/product"}],"wp:featuredmedia":[{"embeddable":true,"href":"https:\/\/dev.mivv.com\/fr\/wp-json\/wp\/v2\/media\/45456"}],"wp:attachment":[{"href":"https:\/\/dev.mivv.com\/fr\/wp-json\/wp\/v2\/media?parent=70945"}],"wp:term":[{"taxonomy":"product_brand","embeddable":true,"href":"https:\/\/dev.mivv.com\/fr\/wp-json\/wp\/v2\/product_brand?post=70945"},{"taxonomy":"product_cat","embeddable":true,"href":"https:\/\/dev.mivv.com\/fr\/wp-json\/wp\/v2\/product_cat?post=70945"},{"taxonomy":"product_tag","embeddable":true,"href":"https:\/\/dev.mivv.com\/fr\/wp-json\/wp\/v2\/product_tag?post=70945"}],"curies":[{"name":"wp","href":"https:\/\/api.w.org\/{rel}","templated":true}]}}