{"id":71419,"date":"2026-04-15T17:41:59","date_gmt":"2026-04-15T15:41:59","guid":{"rendered":"https:\/\/dev.mivv.com\/scarico-moto\/k-041-l9-kawasaki-versys-650-2015-2020\/"},"modified":"2026-04-15T17:41:59","modified_gmt":"2026-04-15T15:41:59","slug":"k-041-l9-kawasaki-versys-650-2015-2020","status":"publish","type":"product","link":"https:\/\/dev.mivv.com\/fr\/product\/k-041-l9-kawasaki-versys-650-2015-2020\/","title":{"rendered":"K.041.L9 \u2013 KAWASAKI VERSYS 650 2015 > 2020"},"content":{"rendered":"<p>R\u00e9alis\u00e9 pour am\u00e9liorer <strong>l\u2019aspect, le son et les prestations<\/strong> de la moto, le pot slip-on Mivv est issu de l\u2019attention maximale vers le design, en vue de satisfaire ceux qui souhaitent se <strong>d\u00e9marquer<\/strong> aussi par l\u2019allure de leur moto.<\/p>\n<p>La ligne SUONO est la synth\u00e8se parfaite entre <strong>esth\u00e9tique, innovation et technologie<\/strong> appliqu\u00e9e. Lorsque nous l\u2019avons con\u00e7ue, nous avons choisi les <strong>meilleurs mat\u00e9riaux<\/strong> pour garantir au produit la <strong>l\u00e9g\u00e8ret\u00e9 maximale.<\/strong><\/p>\n<p>La version noir est form\u00e9e d\u2019un corps central en acier inox noir <strong>\u201cBlack Moon\u201d<\/strong>, obtenu avec un processus sp\u00e9cial de coloration qui rend le pot plus <strong>agressif.<\/strong><\/p>\n","protected":false},"excerpt":{"rendered":"<p>HOMOLOGU\u00c9 UNIQUEMENT AVEC CATALYSEUR ACC.042.A1 INSTALL\u00c9.<\/p>\n","protected":false},"featured_media":62600,"template":"","meta":{"_acf_changed":false},"product_brand":[20892,20862,20890],"product_cat":[679],"product_tag":[],"class_list":{"0":"post-71419","1":"product","2":"type-product","3":"status-publish","4":"has-post-thumbnail","6":"product_brand-2015-versys-650","7":"product_brand-kawasaki","8":"product_brand-versys-650","9":"product_cat-ligne-complete","11":"first","12":"instock","13":"shipping-taxable","14":"product-type-simple"},"acf":[],"_links":{"self":[{"href":"https:\/\/dev.mivv.com\/fr\/wp-json\/wp\/v2\/product\/71419","targetHints":{"allow":["GET"]}}],"collection":[{"href":"https:\/\/dev.mivv.com\/fr\/wp-json\/wp\/v2\/product"}],"about":[{"href":"https:\/\/dev.mivv.com\/fr\/wp-json\/wp\/v2\/types\/product"}],"wp:featuredmedia":[{"embeddable":true,"href":"https:\/\/dev.mivv.com\/fr\/wp-json\/wp\/v2\/media\/62600"}],"wp:attachment":[{"href":"https:\/\/dev.mivv.com\/fr\/wp-json\/wp\/v2\/media?parent=71419"}],"wp:term":[{"taxonomy":"product_brand","embeddable":true,"href":"https:\/\/dev.mivv.com\/fr\/wp-json\/wp\/v2\/product_brand?post=71419"},{"taxonomy":"product_cat","embeddable":true,"href":"https:\/\/dev.mivv.com\/fr\/wp-json\/wp\/v2\/product_cat?post=71419"},{"taxonomy":"product_tag","embeddable":true,"href":"https:\/\/dev.mivv.com\/fr\/wp-json\/wp\/v2\/product_tag?post=71419"}],"curies":[{"name":"wp","href":"https:\/\/api.w.org\/{rel}","templated":true}]}}