{"id":71704,"date":"2026-04-15T17:43:12","date_gmt":"2026-04-15T15:43:12","guid":{"rendered":"https:\/\/dev.mivv.com\/scarico-moto\/k-022-c2-kawasaki-zx-6-r-636-2013-2020\/"},"modified":"2026-04-15T17:43:12","modified_gmt":"2026-04-15T15:43:12","slug":"k-022-c2-kawasaki-zx-6-r-636-2013-2020","status":"publish","type":"product","link":"https:\/\/dev.mivv.com\/fr\/product\/k-022-c2-kawasaki-zx-6-r-636-2013-2020\/","title":{"rendered":"K.022.C2 &#8211; KAWASAKI ZX-6 R 636 2013 > 2020"},"content":{"rendered":"<p>Les tubes d\u00e9catalyseur optionnelles, r\u00e9alis\u00e9s en acier inox, permettent d\u2019augmenter les performances du v\u00e9hicule surtout si associ\u00e9s au silencieux slip-on Mivv en garantissant un look plus \u00ab racing \u00bb et un son incomparable. Les tubes d\u00e9catalyseur ne sont pas homologu\u00e9s pour un usage routier.<\/p>\n","protected":false},"excerpt":{"rendered":"<p>Les tubes d\u00e9catalyseur optionnelles, r\u00e9alis\u00e9s en acier inox, permettent d\u2019augmenter les performances du v\u00e9hicule surtout si associ\u00e9s au silencieux slip-on Mivv en garantissant un look plus \u00ab racing \u00bb et un son incomparable. Les tubes d\u00e9catalyseur ne sont pas homologu\u00e9s pour un usage routier.<\/p>\n","protected":false},"featured_media":29927,"template":"","meta":{"_acf_changed":false},"product_brand":[20951,20862,20948],"product_cat":[794],"product_tag":[],"class_list":{"0":"post-71704","1":"product","2":"type-product","3":"status-publish","4":"has-post-thumbnail","6":"product_brand-2013-2016-zx-6-r-636","7":"product_brand-kawasaki","8":"product_brand-zx-6-r-636","9":"product_cat-tube-sans-kat","11":"first","12":"instock","13":"shipping-taxable","14":"product-type-simple"},"acf":[],"_links":{"self":[{"href":"https:\/\/dev.mivv.com\/fr\/wp-json\/wp\/v2\/product\/71704","targetHints":{"allow":["GET"]}}],"collection":[{"href":"https:\/\/dev.mivv.com\/fr\/wp-json\/wp\/v2\/product"}],"about":[{"href":"https:\/\/dev.mivv.com\/fr\/wp-json\/wp\/v2\/types\/product"}],"wp:featuredmedia":[{"embeddable":true,"href":"https:\/\/dev.mivv.com\/fr\/wp-json\/wp\/v2\/media\/29927"}],"wp:attachment":[{"href":"https:\/\/dev.mivv.com\/fr\/wp-json\/wp\/v2\/media?parent=71704"}],"wp:term":[{"taxonomy":"product_brand","embeddable":true,"href":"https:\/\/dev.mivv.com\/fr\/wp-json\/wp\/v2\/product_brand?post=71704"},{"taxonomy":"product_cat","embeddable":true,"href":"https:\/\/dev.mivv.com\/fr\/wp-json\/wp\/v2\/product_cat?post=71704"},{"taxonomy":"product_tag","embeddable":true,"href":"https:\/\/dev.mivv.com\/fr\/wp-json\/wp\/v2\/product_tag?post=71704"}],"curies":[{"name":"wp","href":"https:\/\/api.w.org\/{rel}","templated":true}]}}