{"id":71802,"date":"2026-04-15T17:43:37","date_gmt":"2026-04-15T15:43:37","guid":{"rendered":"https:\/\/dev.mivv.com\/scarico-moto\/y-050-c1-yamaha-yzf-1000-r1-2015-2022\/"},"modified":"2026-04-15T17:43:37","modified_gmt":"2026-04-15T15:43:37","slug":"y-050-c1-yamaha-yzf-1000-r1-2015-2022","status":"publish","type":"product","link":"https:\/\/dev.mivv.com\/fr\/product\/y-050-c1-yamaha-yzf-1000-r1-2015-2022\/","title":{"rendered":"Y.050.C1 \u2013 YAMAHA YZF 1000 R1 2015 > 2022"},"content":{"rendered":"<p>Les tubes d\u00e9catalyseur optionnelles, r\u00e9alis\u00e9s en acier inox, permettent d\u2019augmenter les performances du v\u00e9hicule surtout si associ\u00e9s au silencieux slip-on Mivv en garantissant un look plus \u00ab racing \u00bb et un son incomparable. Les tubes d\u00e9catalyseur ne sont pas homologu\u00e9s pour un usage routier.<\/p>\n","protected":false},"excerpt":{"rendered":"<p>Les tubes d\u00e9catalyseur optionnelles, r\u00e9alis\u00e9s en acier inox, permettent d\u2019augmenter les performances du v\u00e9hicule surtout si associ\u00e9s au silencieux slip-on Mivv en garantissant un look plus \u00ab racing \u00bb et un son incomparable. Les tubes d\u00e9catalyseur ne sont pas homologu\u00e9s pour un usage routier.<\/p>\n","protected":false},"featured_media":45535,"template":"","meta":{"_acf_changed":false},"product_brand":[21488,21384,21482],"product_cat":[794],"product_tag":[],"class_list":{"0":"post-71802","1":"product","2":"type-product","3":"status-publish","4":"has-post-thumbnail","6":"product_brand-2015-yzf-1000-r1","7":"product_brand-yamaha","8":"product_brand-yzf-1000-r1","9":"product_cat-tube-sans-kat","11":"first","12":"instock","13":"shipping-taxable","14":"product-type-simple"},"acf":[],"_links":{"self":[{"href":"https:\/\/dev.mivv.com\/fr\/wp-json\/wp\/v2\/product\/71802","targetHints":{"allow":["GET"]}}],"collection":[{"href":"https:\/\/dev.mivv.com\/fr\/wp-json\/wp\/v2\/product"}],"about":[{"href":"https:\/\/dev.mivv.com\/fr\/wp-json\/wp\/v2\/types\/product"}],"wp:featuredmedia":[{"embeddable":true,"href":"https:\/\/dev.mivv.com\/fr\/wp-json\/wp\/v2\/media\/45535"}],"wp:attachment":[{"href":"https:\/\/dev.mivv.com\/fr\/wp-json\/wp\/v2\/media?parent=71802"}],"wp:term":[{"taxonomy":"product_brand","embeddable":true,"href":"https:\/\/dev.mivv.com\/fr\/wp-json\/wp\/v2\/product_brand?post=71802"},{"taxonomy":"product_cat","embeddable":true,"href":"https:\/\/dev.mivv.com\/fr\/wp-json\/wp\/v2\/product_cat?post=71802"},{"taxonomy":"product_tag","embeddable":true,"href":"https:\/\/dev.mivv.com\/fr\/wp-json\/wp\/v2\/product_tag?post=71802"}],"curies":[{"name":"wp","href":"https:\/\/api.w.org\/{rel}","templated":true}]}}