{"id":72036,"date":"2026-04-15T17:48:59","date_gmt":"2026-04-15T15:48:59","guid":{"rendered":"https:\/\/dev.mivv.com\/scarico-moto\/y-037-lrb-yamaha-t-max-530-2012-2020\/"},"modified":"2026-04-15T17:48:59","modified_gmt":"2026-04-15T15:48:59","slug":"y-037-lrb-yamaha-t-max-530-2012-2020","status":"publish","type":"product","link":"https:\/\/dev.mivv.com\/fr\/product\/y-037-lrb-yamaha-t-max-530-2012-2020\/","title":{"rendered":"Y.037.LRB \u2013 YAMAHA T-MAX 530 2012 > 2020"},"content":{"rendered":"<p>R\u00e9alis\u00e9 pour am\u00e9liorer <strong>l\u2019aspect, le son et les prestations<\/strong> de la moto, le pot slip-on Mivv est issu de l\u2019attention maximale vers le design, en vue de satisfaire ceux qui souhaitent se <strong>d\u00e9marquer<\/strong> aussi par l\u2019allure de leur moto.<\/p>\n<p><strong>Concept modern<\/strong> et grandes prestations sont les qualit\u00e9s principales du pot SPEED EDGE, auxquelles se lie un <strong>son<\/strong> distinctement <strong>sportif<\/strong>.<\/p>\n<p>L&rsquo;\u00e9chappement Speed Edge Black donne au scooter un <strong>look<\/strong> plus <strong>agressif<\/strong> gr\u00e2ce \u00e0 l&rsquo;utilisation d&rsquo;un embout en carbone et assurant un son typiquement <strong>racing<\/strong>. Le corps est en acier <strong>inox noir<\/strong> avec un effet <strong>\u201cBlack Moon\u201d<\/strong> obtenu gr\u00e2ce \u00e0 un proc\u00e9d\u00e9 de peinture sp\u00e9cial \u00e0 base de c\u00e9ramique.  Le silencieux a forme <strong>hexagonale<\/strong>.<\/p>\n","protected":false},"excerpt":{"rendered":"<p>R\u00e9alis\u00e9 pour am\u00e9liorer l\u2019aspect, le son et les prestations de la moto, le pot slip-on Mivv est issu de l\u2019attention maximale vers le design, en vue de satisfaire ceux qui souhaitent se d\u00e9marquer aussi par l\u2019allure de leur moto. Concept modern et grandes prestations sont les qualit\u00e9s principales du pot SPEED EDGE, auxquelles se lie [&hellip;]<\/p>\n","protected":false},"featured_media":62659,"template":"","meta":{"_acf_changed":false},"product_brand":[21425,21424,21384],"product_cat":[679],"product_tag":[],"class_list":{"0":"post-72036","1":"product","2":"type-product","3":"status-publish","4":"has-post-thumbnail","6":"product_brand-2012-2016-t-max-530","7":"product_brand-t-max-530","8":"product_brand-yamaha","9":"product_cat-ligne-complete","11":"first","12":"instock","13":"shipping-taxable","14":"product-type-simple"},"acf":[],"_links":{"self":[{"href":"https:\/\/dev.mivv.com\/fr\/wp-json\/wp\/v2\/product\/72036","targetHints":{"allow":["GET"]}}],"collection":[{"href":"https:\/\/dev.mivv.com\/fr\/wp-json\/wp\/v2\/product"}],"about":[{"href":"https:\/\/dev.mivv.com\/fr\/wp-json\/wp\/v2\/types\/product"}],"wp:featuredmedia":[{"embeddable":true,"href":"https:\/\/dev.mivv.com\/fr\/wp-json\/wp\/v2\/media\/62659"}],"wp:attachment":[{"href":"https:\/\/dev.mivv.com\/fr\/wp-json\/wp\/v2\/media?parent=72036"}],"wp:term":[{"taxonomy":"product_brand","embeddable":true,"href":"https:\/\/dev.mivv.com\/fr\/wp-json\/wp\/v2\/product_brand?post=72036"},{"taxonomy":"product_cat","embeddable":true,"href":"https:\/\/dev.mivv.com\/fr\/wp-json\/wp\/v2\/product_cat?post=72036"},{"taxonomy":"product_tag","embeddable":true,"href":"https:\/\/dev.mivv.com\/fr\/wp-json\/wp\/v2\/product_tag?post=72036"}],"curies":[{"name":"wp","href":"https:\/\/api.w.org\/{rel}","templated":true}]}}