{"id":72741,"date":"2026-04-15T18:16:58","date_gmt":"2026-04-15T16:16:58","guid":{"rendered":"https:\/\/dev.mivv.com\/scarico-moto\/m-011-sgb-moto-guzzi-v9-bobber-roamer-2016-2020\/"},"modified":"2026-04-15T18:16:58","modified_gmt":"2026-04-15T16:16:58","slug":"m-011-sgb-moto-guzzi-v9-bobber-roamer-2016-2020","status":"publish","type":"product","link":"https:\/\/dev.mivv.com\/fr\/product\/m-011-sgb-moto-guzzi-v9-bobber-roamer-2016-2020\/","title":{"rendered":"M.011.SGB \u2013 MOTO GUZZI V9 BOBBER \/ ROAMER  2016 > 2020"},"content":{"rendered":"<p>R\u00e9alis\u00e9 pour am\u00e9liorer <strong>l\u2019aspect, le son et les prestations<\/strong> de la moto, le pot slip-on Mivv est issu de l\u2019attention maximale vers le design, en vue de satisfaire ceux qui souhaitent se <strong>d\u00e9marquer<\/strong> aussi par l\u2019allure de leur moto.<\/p>\n<p>En acier inox, enti\u00e8rement r\u00e9alis\u00e9 avec des soudures TIG , le pot GHIBLI est un produit ayant une forme <strong>conique<\/strong> et sinueuse, n\u00e9 pour accompagner les motos roadsters ou sportives : un pot caract\u00e9ris\u00e9 par un <strong>son<\/strong> rond et <strong>bien reconnaissable<\/strong>.<\/p>\n","protected":false},"excerpt":{"rendered":"<p>R\u00e9alis\u00e9 pour am\u00e9liorer l\u2019aspect, le son et les prestations de la moto, le pot slip-on Mivv est issu de l\u2019attention maximale vers le design, en vue de satisfaire ceux qui souhaitent se d\u00e9marquer aussi par l\u2019allure de leur moto. En acier inox, enti\u00e8rement r\u00e9alis\u00e9 avec des soudures TIG , le pot GHIBLI est un produit [&hellip;]<\/p>\n","protected":false},"featured_media":38769,"template":"","meta":{"_acf_changed":false},"product_brand":[21124,21104,21123],"product_cat":[855],"product_tag":[],"class_list":{"0":"post-72741","1":"product","2":"type-product","3":"status-publish","4":"has-post-thumbnail","6":"product_brand-2016-2016-v9-bobber-roamer","7":"product_brand-moto-guzzi","8":"product_brand-v9-bobber-roamer","9":"product_cat-2-slip-on","11":"first","12":"instock","13":"shipping-taxable","14":"product-type-simple"},"acf":[],"_links":{"self":[{"href":"https:\/\/dev.mivv.com\/fr\/wp-json\/wp\/v2\/product\/72741","targetHints":{"allow":["GET"]}}],"collection":[{"href":"https:\/\/dev.mivv.com\/fr\/wp-json\/wp\/v2\/product"}],"about":[{"href":"https:\/\/dev.mivv.com\/fr\/wp-json\/wp\/v2\/types\/product"}],"wp:featuredmedia":[{"embeddable":true,"href":"https:\/\/dev.mivv.com\/fr\/wp-json\/wp\/v2\/media\/38769"}],"wp:attachment":[{"href":"https:\/\/dev.mivv.com\/fr\/wp-json\/wp\/v2\/media?parent=72741"}],"wp:term":[{"taxonomy":"product_brand","embeddable":true,"href":"https:\/\/dev.mivv.com\/fr\/wp-json\/wp\/v2\/product_brand?post=72741"},{"taxonomy":"product_cat","embeddable":true,"href":"https:\/\/dev.mivv.com\/fr\/wp-json\/wp\/v2\/product_cat?post=72741"},{"taxonomy":"product_tag","embeddable":true,"href":"https:\/\/dev.mivv.com\/fr\/wp-json\/wp\/v2\/product_tag?post=72741"}],"curies":[{"name":"wp","href":"https:\/\/api.w.org\/{rel}","templated":true}]}}