{"id":73318,"date":"2026-04-15T18:24:22","date_gmt":"2026-04-15T16:24:22","guid":{"rendered":"https:\/\/dev.mivv.com\/scarico-moto\/o-008-lvc-kymco-ak-550-2017-2020\/"},"modified":"2026-04-15T18:24:22","modified_gmt":"2026-04-15T16:24:22","slug":"o-008-lvc-kymco-ak-550-2017-2020","status":"publish","type":"product","link":"https:\/\/dev.mivv.com\/fr\/product\/o-008-lvc-kymco-ak-550-2017-2020\/","title":{"rendered":"O.008.LVC \u2013 KYMCO AK 550 2017 > 2020"},"content":{"rendered":"<p>R\u00e9alis\u00e9 pour am\u00e9liorer <strong>l\u2019aspect, le son et les prestations<\/strong> de la moto, le pot slip-on Mivv est issu de l\u2019attention maximale vers le design, en vue de satisfaire ceux qui souhaitent se <strong>d\u00e9marquer<\/strong> aussi par l\u2019allure de leur moto.<\/p>\n<p>L\u2019\u00e9chappement OVAL s\u2019adapte parfaitement \u00e0 n\u2019importe quel type de moto. Peaufin\u00e9 dans les moindres d\u00e9tails, c\u2019est une ligne qui repr\u00e9sente le meilleur compromis entre <strong>design<\/strong> et <strong>performances.<\/strong><\/p>\n<p>Il se caract\u00e9rise par un corps central en acier inoxydable <strong>noir<\/strong> \u00e0 l\u2019effet <strong>\u201cBlack Moon\u201d<\/strong>, obtenu gr\u00e2ce \u00e0 un proc\u00e9d\u00e9 de peinture sp\u00e9cial \u00e0 base c\u00e9ramique qui donne au produit un <strong>look<\/strong> plus <strong>agressif.<\/strong><\/p>\n","protected":false},"excerpt":{"rendered":"<p>HOMOLOGU\u00c9 UNIQUEMENT AVEC CATALYSEUR ACC.045.A1 INSTALL\u00c9<\/p>\n","protected":false},"featured_media":62926,"template":"","meta":{"_acf_changed":false},"product_brand":[21063,21062,21053],"product_cat":[704],"product_tag":[],"class_list":{"0":"post-73318","1":"product","2":"type-product","3":"status-publish","4":"has-post-thumbnail","6":"product_brand-2017-ak-550","7":"product_brand-ak-550","8":"product_brand-kymco","9":"product_cat-slip-on","11":"first","12":"instock","13":"shipping-taxable","14":"product-type-simple"},"acf":[],"_links":{"self":[{"href":"https:\/\/dev.mivv.com\/fr\/wp-json\/wp\/v2\/product\/73318","targetHints":{"allow":["GET"]}}],"collection":[{"href":"https:\/\/dev.mivv.com\/fr\/wp-json\/wp\/v2\/product"}],"about":[{"href":"https:\/\/dev.mivv.com\/fr\/wp-json\/wp\/v2\/types\/product"}],"wp:featuredmedia":[{"embeddable":true,"href":"https:\/\/dev.mivv.com\/fr\/wp-json\/wp\/v2\/media\/62926"}],"wp:attachment":[{"href":"https:\/\/dev.mivv.com\/fr\/wp-json\/wp\/v2\/media?parent=73318"}],"wp:term":[{"taxonomy":"product_brand","embeddable":true,"href":"https:\/\/dev.mivv.com\/fr\/wp-json\/wp\/v2\/product_brand?post=73318"},{"taxonomy":"product_cat","embeddable":true,"href":"https:\/\/dev.mivv.com\/fr\/wp-json\/wp\/v2\/product_cat?post=73318"},{"taxonomy":"product_tag","embeddable":true,"href":"https:\/\/dev.mivv.com\/fr\/wp-json\/wp\/v2\/product_tag?post=73318"}],"curies":[{"name":"wp","href":"https:\/\/api.w.org\/{rel}","templated":true}]}}