{"id":73395,"date":"2026-04-15T18:24:43","date_gmt":"2026-04-15T16:24:43","guid":{"rendered":"https:\/\/dev.mivv.com\/scarico-moto\/acc-042-a1-kawasaki-z650-2017-2021\/"},"modified":"2026-04-15T18:24:43","modified_gmt":"2026-04-15T16:24:43","slug":"acc-042-a1-kawasaki-z650-2017-2021","status":"publish","type":"product","link":"https:\/\/dev.mivv.com\/fr\/product\/acc-042-a1-kawasaki-z650-2017-2021\/","title":{"rendered":"ACC.042.A1- KAWASAKI Z650 2017 > 2021"},"content":{"rendered":"<p>Mivv propose des catalyseurs m\u00e9talliques afin de garantir \u00e0 votre moto une am\u00e9lioration des performances et du son.<br \/>\nCes catalyseurs sont \u00e9tudi\u00e9s pour obtenir une r\u00e9duction ad\u00e9quate des \u00e9missions polluantes qui permet l\u2019homologation du syst\u00e8me d\u2019\u00e9chappement selon les normes en vigueur.<\/p>\n","protected":false},"excerpt":{"rendered":"<p>MONTA SUI SEGUENTI CODICI \/ IT FITS ON THE FOLLOWING CODES: K.044.L3C, K.044.L4C<\/p>\n","protected":false},"featured_media":63272,"template":"","meta":{"_acf_changed":false},"product_brand":[20927,20862,20926],"product_cat":[689],"product_tag":[],"class_list":{"0":"post-73395","1":"product","2":"type-product","3":"status-publish","4":"has-post-thumbnail","6":"product_brand-2017-z-650","7":"product_brand-kawasaki","8":"product_brand-z-650","9":"product_cat-catalyseur","11":"first","12":"instock","13":"shipping-taxable","14":"product-type-simple"},"acf":[],"_links":{"self":[{"href":"https:\/\/dev.mivv.com\/fr\/wp-json\/wp\/v2\/product\/73395","targetHints":{"allow":["GET"]}}],"collection":[{"href":"https:\/\/dev.mivv.com\/fr\/wp-json\/wp\/v2\/product"}],"about":[{"href":"https:\/\/dev.mivv.com\/fr\/wp-json\/wp\/v2\/types\/product"}],"wp:featuredmedia":[{"embeddable":true,"href":"https:\/\/dev.mivv.com\/fr\/wp-json\/wp\/v2\/media\/63272"}],"wp:attachment":[{"href":"https:\/\/dev.mivv.com\/fr\/wp-json\/wp\/v2\/media?parent=73395"}],"wp:term":[{"taxonomy":"product_brand","embeddable":true,"href":"https:\/\/dev.mivv.com\/fr\/wp-json\/wp\/v2\/product_brand?post=73395"},{"taxonomy":"product_cat","embeddable":true,"href":"https:\/\/dev.mivv.com\/fr\/wp-json\/wp\/v2\/product_cat?post=73395"},{"taxonomy":"product_tag","embeddable":true,"href":"https:\/\/dev.mivv.com\/fr\/wp-json\/wp\/v2\/product_tag?post=73395"}],"curies":[{"name":"wp","href":"https:\/\/api.w.org\/{rel}","templated":true}]}}