{"id":74071,"date":"2026-04-15T18:28:06","date_gmt":"2026-04-15T16:28:06","guid":{"rendered":"https:\/\/dev.mivv.com\/scarico-moto\/kt-019-c2-ktm-125-duke-2017-2020\/"},"modified":"2026-04-15T18:28:06","modified_gmt":"2026-04-15T16:28:06","slug":"kt-019-c2-ktm-125-duke-2017-2020","status":"publish","type":"product","link":"https:\/\/dev.mivv.com\/fr\/product\/kt-019-c2-ktm-125-duke-2017-2020\/","title":{"rendered":"KT.019.C2 \u2013 KTM 125 DUKE 2017 > 2020"},"content":{"rendered":"<p>Les tubes d\u00e9catalyseur optionnelles, r\u00e9alis\u00e9s en acier inox, permettent d\u2019augmenter les performances du v\u00e9hicule surtout si associ\u00e9s au silencieux slip-on Mivv en garantissant un look plus \u00ab racing \u00bb et un son incomparable. Les tubes d\u00e9catalyseur ne sont pas homologu\u00e9s pour un usage routier.<\/p>\n","protected":false},"excerpt":{"rendered":"<p>Les tubes d\u00e9catalyseur optionnelles, r\u00e9alis\u00e9s en acier inox, permettent d\u2019augmenter les performances du v\u00e9hicule surtout si associ\u00e9s au silencieux slip-on Mivv en garantissant un look plus \u00ab racing \u00bb et un son incomparable. Les tubes d\u00e9catalyseur ne sont pas homologu\u00e9s pour un usage routier.<\/p>\n","protected":false},"featured_media":34170,"template":"","meta":{"_acf_changed":false},"product_brand":[20979,20981,20972],"product_cat":[794],"product_tag":[],"class_list":{"0":"post-74071","1":"product","2":"type-product","3":"status-publish","4":"has-post-thumbnail","6":"product_brand-125-duke","7":"product_brand-2017-125-duke","8":"product_brand-ktm","9":"product_cat-tube-sans-kat","11":"first","12":"instock","13":"shipping-taxable","14":"product-type-simple"},"acf":[],"_links":{"self":[{"href":"https:\/\/dev.mivv.com\/fr\/wp-json\/wp\/v2\/product\/74071","targetHints":{"allow":["GET"]}}],"collection":[{"href":"https:\/\/dev.mivv.com\/fr\/wp-json\/wp\/v2\/product"}],"about":[{"href":"https:\/\/dev.mivv.com\/fr\/wp-json\/wp\/v2\/types\/product"}],"wp:featuredmedia":[{"embeddable":true,"href":"https:\/\/dev.mivv.com\/fr\/wp-json\/wp\/v2\/media\/34170"}],"wp:attachment":[{"href":"https:\/\/dev.mivv.com\/fr\/wp-json\/wp\/v2\/media?parent=74071"}],"wp:term":[{"taxonomy":"product_brand","embeddable":true,"href":"https:\/\/dev.mivv.com\/fr\/wp-json\/wp\/v2\/product_brand?post=74071"},{"taxonomy":"product_cat","embeddable":true,"href":"https:\/\/dev.mivv.com\/fr\/wp-json\/wp\/v2\/product_cat?post=74071"},{"taxonomy":"product_tag","embeddable":true,"href":"https:\/\/dev.mivv.com\/fr\/wp-json\/wp\/v2\/product_tag?post=74071"}],"curies":[{"name":"wp","href":"https:\/\/api.w.org\/{rel}","templated":true}]}}