{"id":74406,"date":"2026-04-15T18:29:10","date_gmt":"2026-04-15T16:29:10","guid":{"rendered":"https:\/\/dev.mivv.com\/scarico-moto\/kt-018-c1-ktm-1290-superduke-gt-2016-2024\/"},"modified":"2026-04-15T18:29:10","modified_gmt":"2026-04-15T16:29:10","slug":"kt-018-c1-ktm-1290-superduke-gt-2016-2024","status":"publish","type":"product","link":"https:\/\/dev.mivv.com\/fr\/product\/kt-018-c1-ktm-1290-superduke-gt-2016-2024\/","title":{"rendered":"KT.018.C1- KTM 1290 SUPERDUKE GT 2016 > 2024"},"content":{"rendered":"<p>Les tubes d\u00e9catalyseur optionnelles, r\u00e9alis\u00e9s en acier inox, permettent d\u2019augmenter les performances du v\u00e9hicule surtout si associ\u00e9s au silencieux slip-on Mivv en garantissant un look plus \u00ab racing \u00bb et un son incomparable. Les tubes d\u00e9catalyseur ne sont pas homologu\u00e9s pour un usage routier.<\/p>\n","protected":false},"excerpt":{"rendered":"<p>Les tubes d\u00e9catalyseur optionnelles, r\u00e9alis\u00e9s en acier inox, permettent d\u2019augmenter les performances du v\u00e9hicule surtout si associ\u00e9s au silencieux slip-on Mivv en garantissant un look plus \u00ab racing \u00bb et un son incomparable. Les tubes d\u00e9catalyseur ne sont pas homologu\u00e9s pour un usage routier.<\/p>\n","protected":false},"featured_media":34237,"template":"","meta":{"_acf_changed":false},"product_brand":[20990,20991,20972],"product_cat":[794],"product_tag":[],"class_list":{"0":"post-74406","1":"product","2":"type-product","3":"status-publish","4":"has-post-thumbnail","6":"product_brand-1290-superduke-gt","7":"product_brand-2016-1290-superduke-gt","8":"product_brand-ktm","9":"product_cat-tube-sans-kat","11":"first","12":"instock","13":"shipping-taxable","14":"product-type-simple"},"acf":[],"_links":{"self":[{"href":"https:\/\/dev.mivv.com\/fr\/wp-json\/wp\/v2\/product\/74406","targetHints":{"allow":["GET"]}}],"collection":[{"href":"https:\/\/dev.mivv.com\/fr\/wp-json\/wp\/v2\/product"}],"about":[{"href":"https:\/\/dev.mivv.com\/fr\/wp-json\/wp\/v2\/types\/product"}],"wp:featuredmedia":[{"embeddable":true,"href":"https:\/\/dev.mivv.com\/fr\/wp-json\/wp\/v2\/media\/34237"}],"wp:attachment":[{"href":"https:\/\/dev.mivv.com\/fr\/wp-json\/wp\/v2\/media?parent=74406"}],"wp:term":[{"taxonomy":"product_brand","embeddable":true,"href":"https:\/\/dev.mivv.com\/fr\/wp-json\/wp\/v2\/product_brand?post=74406"},{"taxonomy":"product_cat","embeddable":true,"href":"https:\/\/dev.mivv.com\/fr\/wp-json\/wp\/v2\/product_cat?post=74406"},{"taxonomy":"product_tag","embeddable":true,"href":"https:\/\/dev.mivv.com\/fr\/wp-json\/wp\/v2\/product_tag?post=74406"}],"curies":[{"name":"wp","href":"https:\/\/api.w.org\/{rel}","templated":true}]}}