{"id":75752,"date":"2026-04-15T18:34:11","date_gmt":"2026-04-15T16:34:11","guid":{"rendered":"https:\/\/dev.mivv.com\/scarico-moto\/acc-050-0-suzuki-gsx-r-125-2017-2020\/"},"modified":"2026-04-15T18:34:11","modified_gmt":"2026-04-15T16:34:11","slug":"acc-050-0-suzuki-gsx-r-125-2017-2020","status":"publish","type":"product","link":"https:\/\/dev.mivv.com\/fr\/product\/acc-050-0-suzuki-gsx-r-125-2017-2020\/","title":{"rendered":"ACC.050.0 \u2013 SUZUKI GSX-R 125 2017 > 2020"},"content":{"rendered":"<p>Ce pare-chaleur en <strong>aluminium<\/strong> a \u00e9t\u00e9 con\u00e7u sp\u00e9cifiquement pour le syst\u00e8me d&rsquo;\u00e9chappement de cette moto. Ce produit <strong>optionnel<\/strong> facile \u00e0 installer donne un aspect <strong>plus sportif<\/strong> \u00e0 l&rsquo;ensemble du syst\u00e8me d&rsquo;\u00e9chappement et <strong>\u00e9vite le contact<\/strong> direct avec les parties du syst\u00e8me o\u00f9 des <strong>pics de chaleur<\/strong> \u00e9lev\u00e9s sont atteints.<\/p>\n","protected":false},"excerpt":{"rendered":"<p>Ce pare-chaleur en aluminium a \u00e9t\u00e9 con\u00e7u sp\u00e9cifiquement pour le syst\u00e8me d&rsquo;\u00e9chappement de cette moto. Ce produit optionnel facile \u00e0 installer donne un aspect plus sportif \u00e0 l&rsquo;ensemble du syst\u00e8me d&rsquo;\u00e9chappement et \u00e9vite le contact direct avec les parties du syst\u00e8me o\u00f9 des pics de chaleur \u00e9lev\u00e9s sont atteints.<\/p>\n","protected":false},"featured_media":40923,"template":"","meta":{"_acf_changed":false},"product_brand":[21264,21263,21211],"product_cat":[758],"product_tag":[],"class_list":{"0":"post-75752","1":"product","2":"type-product","3":"status-publish","4":"has-post-thumbnail","6":"product_brand-2017-gsx-r-125","7":"product_brand-gsx-r-125","8":"product_brand-suzuki","9":"product_cat-carter-pare-chaleur","11":"first","12":"instock","13":"shipping-taxable","14":"product-type-simple"},"acf":[],"_links":{"self":[{"href":"https:\/\/dev.mivv.com\/fr\/wp-json\/wp\/v2\/product\/75752","targetHints":{"allow":["GET"]}}],"collection":[{"href":"https:\/\/dev.mivv.com\/fr\/wp-json\/wp\/v2\/product"}],"about":[{"href":"https:\/\/dev.mivv.com\/fr\/wp-json\/wp\/v2\/types\/product"}],"wp:featuredmedia":[{"embeddable":true,"href":"https:\/\/dev.mivv.com\/fr\/wp-json\/wp\/v2\/media\/40923"}],"wp:attachment":[{"href":"https:\/\/dev.mivv.com\/fr\/wp-json\/wp\/v2\/media?parent=75752"}],"wp:term":[{"taxonomy":"product_brand","embeddable":true,"href":"https:\/\/dev.mivv.com\/fr\/wp-json\/wp\/v2\/product_brand?post=75752"},{"taxonomy":"product_cat","embeddable":true,"href":"https:\/\/dev.mivv.com\/fr\/wp-json\/wp\/v2\/product_cat?post=75752"},{"taxonomy":"product_tag","embeddable":true,"href":"https:\/\/dev.mivv.com\/fr\/wp-json\/wp\/v2\/product_tag?post=75752"}],"curies":[{"name":"wp","href":"https:\/\/api.w.org\/{rel}","templated":true}]}}