{"id":76877,"date":"2026-04-15T18:39:05","date_gmt":"2026-04-15T16:39:05","guid":{"rendered":"https:\/\/dev.mivv.com\/scarico-moto\/kt-014-c1-ktm-1290-superduke-2017-2019\/"},"modified":"2026-04-15T18:39:05","modified_gmt":"2026-04-15T16:39:05","slug":"kt-014-c1-ktm-1290-superduke-2017-2019","status":"publish","type":"product","link":"https:\/\/dev.mivv.com\/fr\/product\/kt-014-c1-ktm-1290-superduke-2017-2019\/","title":{"rendered":"KT.014.C1 &#8211; KTM 1290 SUPERDUKE 2017> 2019"},"content":{"rendered":"<p>Les tubes d\u00e9catalyseur optionnelles, r\u00e9alis\u00e9s en acier inox, permettent d\u2019augmenter les performances du v\u00e9hicule surtout si associ\u00e9s au silencieux slip-on Mivv en garantissant un look plus \u00ab racing \u00bb et un son incomparable. Les tubes d\u00e9catalyseur ne sont pas homologu\u00e9s pour un usage routier.<\/p>\n","protected":false},"excerpt":{"rendered":"<p>No-kat pipe (convient aussi bien aux silencieux MIVV qu&rsquo;\u00e0 l&rsquo;original).L&rsquo;installation de cet \u00e9chappement n\u00e9cessite le remappage de l&rsquo;unit\u00e9 de contr\u00f4le. Pour plus d&rsquo;informations, lisez les informations techniques sous la bo\u00eete de documentation.<\/p>\n","protected":false},"featured_media":34078,"template":"","meta":{"_acf_changed":false},"product_brand":[20987,20989,20972],"product_cat":[794],"product_tag":[],"class_list":{"0":"post-76877","1":"product","2":"type-product","3":"status-publish","4":"has-post-thumbnail","6":"product_brand-1290-superduke","7":"product_brand-2017-2019-1290-superduke","8":"product_brand-ktm","9":"product_cat-tube-sans-kat","11":"first","12":"instock","13":"shipping-taxable","14":"product-type-simple"},"acf":[],"_links":{"self":[{"href":"https:\/\/dev.mivv.com\/fr\/wp-json\/wp\/v2\/product\/76877","targetHints":{"allow":["GET"]}}],"collection":[{"href":"https:\/\/dev.mivv.com\/fr\/wp-json\/wp\/v2\/product"}],"about":[{"href":"https:\/\/dev.mivv.com\/fr\/wp-json\/wp\/v2\/types\/product"}],"wp:featuredmedia":[{"embeddable":true,"href":"https:\/\/dev.mivv.com\/fr\/wp-json\/wp\/v2\/media\/34078"}],"wp:attachment":[{"href":"https:\/\/dev.mivv.com\/fr\/wp-json\/wp\/v2\/media?parent=76877"}],"wp:term":[{"taxonomy":"product_brand","embeddable":true,"href":"https:\/\/dev.mivv.com\/fr\/wp-json\/wp\/v2\/product_brand?post=76877"},{"taxonomy":"product_cat","embeddable":true,"href":"https:\/\/dev.mivv.com\/fr\/wp-json\/wp\/v2\/product_cat?post=76877"},{"taxonomy":"product_tag","embeddable":true,"href":"https:\/\/dev.mivv.com\/fr\/wp-json\/wp\/v2\/product_tag?post=76877"}],"curies":[{"name":"wp","href":"https:\/\/api.w.org\/{rel}","templated":true}]}}