{"id":76934,"date":"2026-04-15T18:39:22","date_gmt":"2026-04-15T16:39:22","guid":{"rendered":"https:\/\/dev.mivv.com\/scarico-moto\/y-064-c1-yamaha-tenere-700-2019-2024\/"},"modified":"2026-04-15T18:39:22","modified_gmt":"2026-04-15T16:39:22","slug":"y-064-c1-yamaha-tenere-700-2019-2024","status":"publish","type":"product","link":"https:\/\/dev.mivv.com\/fr\/product\/y-064-c1-yamaha-tenere-700-2019-2024\/","title":{"rendered":"Y.064.C1 \u2013 YAMAHA TENERE\u2019 700 2019 > 2024"},"content":{"rendered":"<p>Les tubes d\u00e9catalyseur optionnelles, r\u00e9alis\u00e9s en acier inox, permettent d\u2019augmenter les performances du v\u00e9hicule surtout si associ\u00e9s au silencieux slip-on Mivv en garantissant un look plus \u00ab racing \u00bb et un son incomparable. Les tubes d\u00e9catalyseur ne sont pas homologu\u00e9s pour un usage routier.<\/p>\n","protected":false},"excerpt":{"rendered":"<p>Tubes collecteurs d\u00e9cat (compatible soit avec les silencieux MIVV soit avec le silencieux d\u2019origine). En cas de montage sur des motos Euro5, l&rsquo;extension de c\u00e2ble en option ACC.082.0 est n\u00e9cessaire pour r\u00e9installer correctement la sonde lambda. Pour am\u00e9liorer les performances, nous vous recommandons de remapper la bo\u00eete \u00e9lectronique. Pour plus d&rsquo;informations, regardez les notes techniques sous la bo\u00eete de documentation.<\/p>\n","protected":false},"featured_media":45777,"template":"","meta":{"_acf_changed":false},"product_brand":[21434,21433,21384],"product_cat":[794],"product_tag":[],"class_list":{"0":"post-76934","1":"product","2":"type-product","3":"status-publish","4":"has-post-thumbnail","6":"product_brand-2019-tenere-700","7":"product_brand-tenere-700","8":"product_brand-yamaha","9":"product_cat-tube-sans-kat","11":"first","12":"instock","13":"shipping-taxable","14":"product-type-simple"},"acf":[],"_links":{"self":[{"href":"https:\/\/dev.mivv.com\/fr\/wp-json\/wp\/v2\/product\/76934","targetHints":{"allow":["GET"]}}],"collection":[{"href":"https:\/\/dev.mivv.com\/fr\/wp-json\/wp\/v2\/product"}],"about":[{"href":"https:\/\/dev.mivv.com\/fr\/wp-json\/wp\/v2\/types\/product"}],"wp:featuredmedia":[{"embeddable":true,"href":"https:\/\/dev.mivv.com\/fr\/wp-json\/wp\/v2\/media\/45777"}],"wp:attachment":[{"href":"https:\/\/dev.mivv.com\/fr\/wp-json\/wp\/v2\/media?parent=76934"}],"wp:term":[{"taxonomy":"product_brand","embeddable":true,"href":"https:\/\/dev.mivv.com\/fr\/wp-json\/wp\/v2\/product_brand?post=76934"},{"taxonomy":"product_cat","embeddable":true,"href":"https:\/\/dev.mivv.com\/fr\/wp-json\/wp\/v2\/product_cat?post=76934"},{"taxonomy":"product_tag","embeddable":true,"href":"https:\/\/dev.mivv.com\/fr\/wp-json\/wp\/v2\/product_tag?post=76934"}],"curies":[{"name":"wp","href":"https:\/\/api.w.org\/{rel}","templated":true}]}}