{"id":77324,"date":"2026-04-15T18:40:53","date_gmt":"2026-04-15T16:40:53","guid":{"rendered":"https:\/\/dev.mivv.com\/scarico-moto\/k-052-sdgb-kawasaki-z-900-2020-2024\/"},"modified":"2026-04-15T18:40:53","modified_gmt":"2026-04-15T16:40:53","slug":"k-052-sdgb-kawasaki-z-900-2020-2024","status":"publish","type":"product","link":"https:\/\/dev.mivv.com\/fr\/product\/k-052-sdgb-kawasaki-z-900-2020-2024\/","title":{"rendered":"K.052.SDGB  \u2013 KAWASAKI Z 900 2020 > 2024"},"content":{"rendered":"<p>R\u00e9alis\u00e9 pour am\u00e9liorer <strong>l\u2019aspect, le son et les prestations<\/strong> de la moto, le pot slip-on Mivv est issu de l\u2019attention maximale vers le design, en vue de satisfaire ceux qui souhaitent se <strong>d\u00e9marquer<\/strong> aussi par l\u2019allure de leur moto.<\/p>\n<p>DOUBLE GUN est un produit <strong>ultral\u00e9ger<\/strong>, essentiel et ayant beaucoup de caract\u00e8re. Agressif et <strong>tr\u00e8s court<\/strong>, il est enti\u00e8rement r\u00e9alis\u00e9 en acier inox avec finition <strong>\u2018black moon\u2019<\/strong> obtenue gr\u00e2ce \u00e0 une sp\u00e9ciale peinture \u00e0 base c\u00e9ramique qui donne au produit un <strong>aspect plus agressif<\/strong>.<\/p>\n","protected":false},"excerpt":{"rendered":"<p>NON HOMOLOGUE&rsquo;<\/p>\n","protected":false},"featured_media":63077,"template":"","meta":{"_acf_changed":false},"product_brand":[20931,20862,20929],"product_cat":[704],"product_tag":[],"class_list":{"0":"post-77324","1":"product","2":"type-product","3":"status-publish","4":"has-post-thumbnail","6":"product_brand-2020-z-900","7":"product_brand-kawasaki","8":"product_brand-z-900","9":"product_cat-slip-on","11":"first","12":"instock","13":"shipping-taxable","14":"product-type-simple"},"acf":[],"_links":{"self":[{"href":"https:\/\/dev.mivv.com\/fr\/wp-json\/wp\/v2\/product\/77324","targetHints":{"allow":["GET"]}}],"collection":[{"href":"https:\/\/dev.mivv.com\/fr\/wp-json\/wp\/v2\/product"}],"about":[{"href":"https:\/\/dev.mivv.com\/fr\/wp-json\/wp\/v2\/types\/product"}],"wp:featuredmedia":[{"embeddable":true,"href":"https:\/\/dev.mivv.com\/fr\/wp-json\/wp\/v2\/media\/63077"}],"wp:attachment":[{"href":"https:\/\/dev.mivv.com\/fr\/wp-json\/wp\/v2\/media?parent=77324"}],"wp:term":[{"taxonomy":"product_brand","embeddable":true,"href":"https:\/\/dev.mivv.com\/fr\/wp-json\/wp\/v2\/product_brand?post=77324"},{"taxonomy":"product_cat","embeddable":true,"href":"https:\/\/dev.mivv.com\/fr\/wp-json\/wp\/v2\/product_cat?post=77324"},{"taxonomy":"product_tag","embeddable":true,"href":"https:\/\/dev.mivv.com\/fr\/wp-json\/wp\/v2\/product_tag?post=77324"}],"curies":[{"name":"wp","href":"https:\/\/api.w.org\/{rel}","templated":true}]}}