{"id":77477,"date":"2026-04-15T18:41:28","date_gmt":"2026-04-15T16:41:28","guid":{"rendered":"https:\/\/dev.mivv.com\/scarico-moto\/sy-002-lrx-sym-maxsym-tl-500-2019-2020\/"},"modified":"2026-04-15T18:41:28","modified_gmt":"2026-04-15T16:41:28","slug":"sy-002-lrx-sym-maxsym-tl-500-2019-2020","status":"publish","type":"product","link":"https:\/\/dev.mivv.com\/fr\/product\/sy-002-lrx-sym-maxsym-tl-500-2019-2020\/","title":{"rendered":"SY.002.LRX \u2013 SYM MAXSYM TL 500 2019 > 2020"},"content":{"rendered":"<p>Les \u00e9chappements Mivv pour scooter ont \u00e9t\u00e9 r\u00e9alis\u00e9s pour am\u00e9liorer le <strong>son<\/strong>, augmenter les <strong>performances<\/strong> et enrichir <strong>l\u2019allure<\/strong> des scooters. Un m\u00e9lange parfait pour avoir un scooter vraiment <strong>sp\u00e9cial<\/strong>.<\/p>\n<p><strong>Concept modern<\/strong> et grandes prestations sont les qualit\u00e9s principales du pot SPEED EDGE, auxquelles se lie un <strong>son<\/strong> distinctement <strong>sportif<\/strong>.<\/p>\n<p>Corps r\u00e9alis\u00e9 en <strong>acier inox bross\u00e9<\/strong> et embout et collier de fixation en <strong>carbone<\/strong> ce pot de forme <strong>hexagonale<\/strong>.<\/p>\n","protected":false},"excerpt":{"rendered":"<p>Les \u00e9chappements Mivv pour scooter ont \u00e9t\u00e9 r\u00e9alis\u00e9s pour am\u00e9liorer le son, augmenter les performances et enrichir l\u2019allure des scooters. Un m\u00e9lange parfait pour avoir un scooter vraiment sp\u00e9cial. Concept modern et grandes prestations sont les qualit\u00e9s principales du pot SPEED EDGE, auxquelles se lie un son distinctement sportif. Corps r\u00e9alis\u00e9 en acier inox bross\u00e9 [&hellip;]<\/p>\n","protected":false},"featured_media":63230,"template":"","meta":{"_acf_changed":false},"product_brand":[21334,21333,21330],"product_cat":[679],"product_tag":[],"class_list":{"0":"post-77477","1":"product","2":"type-product","3":"status-publish","4":"has-post-thumbnail","6":"product_brand-2019-maxsym-500-tl","7":"product_brand-maxsym-tl-500","8":"product_brand-sym","9":"product_cat-ligne-complete","11":"first","12":"instock","13":"shipping-taxable","14":"product-type-simple"},"acf":[],"_links":{"self":[{"href":"https:\/\/dev.mivv.com\/fr\/wp-json\/wp\/v2\/product\/77477","targetHints":{"allow":["GET"]}}],"collection":[{"href":"https:\/\/dev.mivv.com\/fr\/wp-json\/wp\/v2\/product"}],"about":[{"href":"https:\/\/dev.mivv.com\/fr\/wp-json\/wp\/v2\/types\/product"}],"wp:featuredmedia":[{"embeddable":true,"href":"https:\/\/dev.mivv.com\/fr\/wp-json\/wp\/v2\/media\/63230"}],"wp:attachment":[{"href":"https:\/\/dev.mivv.com\/fr\/wp-json\/wp\/v2\/media?parent=77477"}],"wp:term":[{"taxonomy":"product_brand","embeddable":true,"href":"https:\/\/dev.mivv.com\/fr\/wp-json\/wp\/v2\/product_brand?post=77477"},{"taxonomy":"product_cat","embeddable":true,"href":"https:\/\/dev.mivv.com\/fr\/wp-json\/wp\/v2\/product_cat?post=77477"},{"taxonomy":"product_tag","embeddable":true,"href":"https:\/\/dev.mivv.com\/fr\/wp-json\/wp\/v2\/product_tag?post=77477"}],"curies":[{"name":"wp","href":"https:\/\/api.w.org\/{rel}","templated":true}]}}