{"id":77691,"date":"2026-04-15T18:42:26","date_gmt":"2026-04-15T16:42:26","guid":{"rendered":"https:\/\/dev.mivv.com\/scarico-moto\/k-052-c1-kawasaki-z-900-2020-2024\/"},"modified":"2026-04-15T18:42:26","modified_gmt":"2026-04-15T16:42:26","slug":"k-052-c1-kawasaki-z-900-2020-2024","status":"publish","type":"product","link":"https:\/\/dev.mivv.com\/fr\/product\/k-052-c1-kawasaki-z-900-2020-2024\/","title":{"rendered":"K.052.C1 \u2013 KAWASAKI Z 900 2020 > 2024"},"content":{"rendered":"<p>Les tubes d\u00e9catalyseur optionnelles, r\u00e9alis\u00e9s en acier inox, permettent d\u2019augmenter les performances du v\u00e9hicule surtout si associ\u00e9s au silencieux slip-on Mivv en garantissant un look plus \u00ab racing \u00bb et un son incomparable. Les tubes d\u00e9catalyseur ne sont pas homologu\u00e9s pour un usage routier.<\/p>\n","protected":false},"excerpt":{"rendered":"<p>No-kat pipe (convient aussi bien aux silencieux MIVV qu&rsquo;\u00e0 l&rsquo;original). Disponible \u00e0 partir de Mars 2022<\/p>\n","protected":false},"featured_media":30318,"template":"","meta":{"_acf_changed":false},"product_brand":[20931,20862,20929],"product_cat":[794],"product_tag":[],"class_list":{"0":"post-77691","1":"product","2":"type-product","3":"status-publish","4":"has-post-thumbnail","6":"product_brand-2020-z-900","7":"product_brand-kawasaki","8":"product_brand-z-900","9":"product_cat-tube-sans-kat","11":"first","12":"instock","13":"shipping-taxable","14":"product-type-simple"},"acf":[],"_links":{"self":[{"href":"https:\/\/dev.mivv.com\/fr\/wp-json\/wp\/v2\/product\/77691","targetHints":{"allow":["GET"]}}],"collection":[{"href":"https:\/\/dev.mivv.com\/fr\/wp-json\/wp\/v2\/product"}],"about":[{"href":"https:\/\/dev.mivv.com\/fr\/wp-json\/wp\/v2\/types\/product"}],"wp:featuredmedia":[{"embeddable":true,"href":"https:\/\/dev.mivv.com\/fr\/wp-json\/wp\/v2\/media\/30318"}],"wp:attachment":[{"href":"https:\/\/dev.mivv.com\/fr\/wp-json\/wp\/v2\/media?parent=77691"}],"wp:term":[{"taxonomy":"product_brand","embeddable":true,"href":"https:\/\/dev.mivv.com\/fr\/wp-json\/wp\/v2\/product_brand?post=77691"},{"taxonomy":"product_cat","embeddable":true,"href":"https:\/\/dev.mivv.com\/fr\/wp-json\/wp\/v2\/product_cat?post=77691"},{"taxonomy":"product_tag","embeddable":true,"href":"https:\/\/dev.mivv.com\/fr\/wp-json\/wp\/v2\/product_tag?post=77691"}],"curies":[{"name":"wp","href":"https:\/\/api.w.org\/{rel}","templated":true}]}}