{"id":78000,"date":"2026-04-15T18:43:49","date_gmt":"2026-04-15T16:43:49","guid":{"rendered":"https:\/\/dev.mivv.com\/scarico-moto\/acc-049-a1-kawasaki-ninja-650-2017-2020\/"},"modified":"2026-04-15T18:43:49","modified_gmt":"2026-04-15T16:43:49","slug":"acc-049-a1-kawasaki-ninja-650-2017-2020","status":"publish","type":"product","link":"https:\/\/dev.mivv.com\/fr\/product\/acc-049-a1-kawasaki-ninja-650-2017-2020\/","title":{"rendered":"ACC.049.A1 \u2013 KAWASAKI NINJA 650 2017 > 2020"},"content":{"rendered":"<p>Mivv propose des catalyseurs m\u00e9talliques afin de garantir \u00e0 votre moto une am\u00e9lioration des performances et du son.<br \/>\nCes catalyseurs sont \u00e9tudi\u00e9s pour obtenir une r\u00e9duction ad\u00e9quate des \u00e9missions polluantes qui permet l\u2019homologation du syst\u00e8me d\u2019\u00e9chappement selon les normes en vigueur.<\/p>\n","protected":false},"excerpt":{"rendered":"<p>MONTA SOLO SUI SEGUENTI CODICI: K.044.L2P, K.044.L6P, K.044.LXBP\/ IT FITS ONLY THE FOLLOWING CODES:  K.044.L2P, K.044.L6P, K.044.LXBP<\/p>\n","protected":false},"featured_media":63272,"template":"","meta":{"_acf_changed":false},"product_brand":[20883,20862,20882],"product_cat":[689],"product_tag":[],"class_list":{"0":"post-78000","1":"product","2":"type-product","3":"status-publish","4":"has-post-thumbnail","6":"product_brand-2017-ninja-650","7":"product_brand-kawasaki","8":"product_brand-ninja-650","9":"product_cat-catalyseur","11":"first","12":"instock","13":"shipping-taxable","14":"product-type-simple"},"acf":[],"_links":{"self":[{"href":"https:\/\/dev.mivv.com\/fr\/wp-json\/wp\/v2\/product\/78000","targetHints":{"allow":["GET"]}}],"collection":[{"href":"https:\/\/dev.mivv.com\/fr\/wp-json\/wp\/v2\/product"}],"about":[{"href":"https:\/\/dev.mivv.com\/fr\/wp-json\/wp\/v2\/types\/product"}],"wp:featuredmedia":[{"embeddable":true,"href":"https:\/\/dev.mivv.com\/fr\/wp-json\/wp\/v2\/media\/63272"}],"wp:attachment":[{"href":"https:\/\/dev.mivv.com\/fr\/wp-json\/wp\/v2\/media?parent=78000"}],"wp:term":[{"taxonomy":"product_brand","embeddable":true,"href":"https:\/\/dev.mivv.com\/fr\/wp-json\/wp\/v2\/product_brand?post=78000"},{"taxonomy":"product_cat","embeddable":true,"href":"https:\/\/dev.mivv.com\/fr\/wp-json\/wp\/v2\/product_cat?post=78000"},{"taxonomy":"product_tag","embeddable":true,"href":"https:\/\/dev.mivv.com\/fr\/wp-json\/wp\/v2\/product_tag?post=78000"}],"curies":[{"name":"wp","href":"https:\/\/api.w.org\/{rel}","templated":true}]}}