{"id":78007,"date":"2026-04-15T18:43:51","date_gmt":"2026-04-15T16:43:51","guid":{"rendered":"https:\/\/dev.mivv.com\/scarico-moto\/k-044-l2p-kawasaki-z-650-2017-2023\/"},"modified":"2026-04-15T18:43:51","modified_gmt":"2026-04-15T16:43:51","slug":"k-044-l2p-kawasaki-z-650-2017-2023","status":"publish","type":"product","link":"https:\/\/dev.mivv.com\/fr\/product\/k-044-l2p-kawasaki-z-650-2017-2023\/","title":{"rendered":"K.044.L2P \u2013 KAWASAKI Z 650 2017 > 2023"},"content":{"rendered":"<p>R\u00e9alis\u00e9 pour am\u00e9liorer <strong>l\u2019aspect, le son et les prestations<\/strong> de la moto, le pot slip-on Mivv est issu de l\u2019attention maximale vers le design, en vue de satisfaire ceux qui souhaitent se <strong>d\u00e9marquer<\/strong> aussi par l\u2019allure de leur moto.<\/p>\n<p>Le pot GP PRO montre avec fiert\u00e9 les <strong>soudures TIG semi-artisanales<\/strong>, le <strong>design compact<\/strong> et le <strong>son profond<\/strong>. Inspir\u00e9 au monde des <strong>comp\u00e9titions<\/strong>, la sortie du pot est \u00e9quip\u00e9 d\u2019une <strong>grille de protection amovible<\/strong> qui cache le dB-killer. Sur le silencieux, tr\u00e8s \u00e9vident, le logo Mivv par laser.<\/p>\n<p>Le corps en <strong>carbone poli<\/strong>. C\u2019est la choix de qui pr\u00e9tend <strong>look et technologie au top au m\u00eame temps.<\/strong><\/p>\n","protected":false},"excerpt":{"rendered":"<p>HOMOLOGU\u00c9 EURO 4- EURO 5 UNIQUEMENT AVEC CATALYSEUR ACC.049.A1 INSTALL\u00c9. NON COMPATIBLE AVEC LES V\u00c9HICULES EURO5+ \u00c9QUIP\u00c9S DE SONDE LAMBDA APRES-CATALYSEUR<\/p>\n","protected":false},"featured_media":30343,"template":"","meta":{"_acf_changed":false},"product_brand":[20927,20862,20926],"product_cat":[679],"product_tag":[],"class_list":{"0":"post-78007","1":"product","2":"type-product","3":"status-publish","4":"has-post-thumbnail","6":"product_brand-2017-z-650","7":"product_brand-kawasaki","8":"product_brand-z-650","9":"product_cat-ligne-complete","11":"first","12":"instock","13":"shipping-taxable","14":"product-type-simple"},"acf":[],"_links":{"self":[{"href":"https:\/\/dev.mivv.com\/fr\/wp-json\/wp\/v2\/product\/78007","targetHints":{"allow":["GET"]}}],"collection":[{"href":"https:\/\/dev.mivv.com\/fr\/wp-json\/wp\/v2\/product"}],"about":[{"href":"https:\/\/dev.mivv.com\/fr\/wp-json\/wp\/v2\/types\/product"}],"wp:featuredmedia":[{"embeddable":true,"href":"https:\/\/dev.mivv.com\/fr\/wp-json\/wp\/v2\/media\/30343"}],"wp:attachment":[{"href":"https:\/\/dev.mivv.com\/fr\/wp-json\/wp\/v2\/media?parent=78007"}],"wp:term":[{"taxonomy":"product_brand","embeddable":true,"href":"https:\/\/dev.mivv.com\/fr\/wp-json\/wp\/v2\/product_brand?post=78007"},{"taxonomy":"product_cat","embeddable":true,"href":"https:\/\/dev.mivv.com\/fr\/wp-json\/wp\/v2\/product_cat?post=78007"},{"taxonomy":"product_tag","embeddable":true,"href":"https:\/\/dev.mivv.com\/fr\/wp-json\/wp\/v2\/product_tag?post=78007"}],"curies":[{"name":"wp","href":"https:\/\/api.w.org\/{rel}","templated":true}]}}