{"id":78070,"date":"2026-04-15T18:44:09","date_gmt":"2026-04-15T16:44:09","guid":{"rendered":"https:\/\/dev.mivv.com\/scarico-moto\/v-003-lhb-mv-agusta-brutale-800-rr-2017-2024\/"},"modified":"2026-04-15T18:44:09","modified_gmt":"2026-04-15T16:44:09","slug":"v-003-lhb-mv-agusta-brutale-800-rr-2017-2024","status":"publish","type":"product","link":"https:\/\/dev.mivv.com\/fr\/product\/v-003-lhb-mv-agusta-brutale-800-rr-2017-2024\/","title":{"rendered":"V.003.LHB &#8211; MV AGUSTA BRUTALE 800 RR 2017 > 2024"},"content":{"rendered":"<p>R\u00e9alis\u00e9 pour am\u00e9liorer <strong>l\u2019aspect, le son et les prestations<\/strong> de la moto, le pot slip-on Mivv est issu de l\u2019attention maximale vers le design, en vue de satisfaire ceux qui souhaitent se <strong>d\u00e9marquer<\/strong> aussi par l\u2019allure de leur moto.<\/p>\n<p><strong>Concept modern<\/strong> et grandes prestations sont les qualit\u00e9s principales du pot SPEED EDGE, auxquelles se lie un <strong>son<\/strong> distinctement <strong>sportif<\/strong>.<\/p>\n<p>L&rsquo;\u00e9chappement BRUTALE a une sortie 3 tubes en acier inox \u00ab\u00a0<strong>slush cut<\/strong>\u00a0\u00bb avec une <strong>grille<\/strong> de protection <strong>amovible<\/strong>. Le syst\u00e8me d&rsquo;\u00e9chappement a une finition r\u00e9alis\u00e9e par peinture <strong>noir<\/strong> \u00e0 l\u2019effet \u00ab\u00a0<strong>Black Moon<\/strong>\u00a0\u00bb donnant au produit un look <strong>agressif<\/strong>.<\/p>\n","protected":false},"excerpt":{"rendered":"<p>No-kat pipe (convient aussi bien aux silencieux MIVV qu&rsquo;\u00e0 l&rsquo;original). L&rsquo;installation de cet \u00e9chappement n\u00e9cessite le remappage de l&rsquo;ECU. Pour plus d&rsquo;informations, lisez les informations techniques sous la bo\u00eete de documentation.<\/p>\n","protected":false},"featured_media":39283,"template":"","meta":{"_acf_changed":false},"product_brand":[21132,21131,21130],"product_cat":[704],"product_tag":[],"class_list":{"0":"post-78070","1":"product","2":"type-product","3":"status-publish","4":"has-post-thumbnail","6":"product_brand-2017-brutale-800-rr","7":"product_brand-brutale-800-rr","8":"product_brand-mv-agusta","9":"product_cat-slip-on","11":"first","12":"instock","13":"shipping-taxable","14":"product-type-simple"},"acf":[],"_links":{"self":[{"href":"https:\/\/dev.mivv.com\/fr\/wp-json\/wp\/v2\/product\/78070","targetHints":{"allow":["GET"]}}],"collection":[{"href":"https:\/\/dev.mivv.com\/fr\/wp-json\/wp\/v2\/product"}],"about":[{"href":"https:\/\/dev.mivv.com\/fr\/wp-json\/wp\/v2\/types\/product"}],"wp:featuredmedia":[{"embeddable":true,"href":"https:\/\/dev.mivv.com\/fr\/wp-json\/wp\/v2\/media\/39283"}],"wp:attachment":[{"href":"https:\/\/dev.mivv.com\/fr\/wp-json\/wp\/v2\/media?parent=78070"}],"wp:term":[{"taxonomy":"product_brand","embeddable":true,"href":"https:\/\/dev.mivv.com\/fr\/wp-json\/wp\/v2\/product_brand?post=78070"},{"taxonomy":"product_cat","embeddable":true,"href":"https:\/\/dev.mivv.com\/fr\/wp-json\/wp\/v2\/product_cat?post=78070"},{"taxonomy":"product_tag","embeddable":true,"href":"https:\/\/dev.mivv.com\/fr\/wp-json\/wp\/v2\/product_tag?post=78070"}],"curies":[{"name":"wp","href":"https:\/\/api.w.org\/{rel}","templated":true}]}}