{"id":78374,"date":"2026-04-15T18:45:17","date_gmt":"2026-04-15T16:45:17","guid":{"rendered":"https:\/\/dev.mivv.com\/scarico-moto\/y-061-lr1xb-yamaha-t-max-560-2020-2021\/"},"modified":"2026-04-15T18:45:17","modified_gmt":"2026-04-15T16:45:17","slug":"y-061-lr1xb-yamaha-t-max-560-2020-2021","status":"publish","type":"product","link":"https:\/\/dev.mivv.com\/fr\/product\/y-061-lr1xb-yamaha-t-max-560-2020-2021\/","title":{"rendered":"Y.061.LR1XB- YAMAHA T-MAX 560 2020 > 2021"},"content":{"rendered":"<p>Les \u00e9chappements Mivv pour scooter ont \u00e9t\u00e9 r\u00e9alis\u00e9s pour am\u00e9liorer le <strong>son<\/strong>, augmenter les <strong>performances<\/strong> et enrichir <strong>l\u2019allure<\/strong> des scooters. Un m\u00e9lange parfait pour avoir un scooter vraiment <strong>sp\u00e9cial<\/strong>.<\/p>\n","protected":false},"excerpt":{"rendered":"<p>HOMOLOGU\u00c9 EURO 5 UNIQUEMENT AVEC CATALYSEUR ACC.045.A1 INSTALL\u00c9. Pour am\u00e9liorer les performances, nous vous recommandons de remapper la bo\u00eete \u00e9lectronique. Pour plus d&rsquo;informations, regardez les notes techniques sous la bo\u00eete de documentation.<\/p>\n","protected":false},"featured_media":45823,"template":"","meta":{"_acf_changed":false},"product_brand":[21428,21427,21384],"product_cat":[679],"product_tag":[],"class_list":{"0":"post-78374","1":"product","2":"type-product","3":"status-publish","4":"has-post-thumbnail","6":"product_brand-2020-t-max-560","7":"product_brand-t-max-560","8":"product_brand-yamaha","9":"product_cat-ligne-complete","11":"first","12":"instock","13":"shipping-taxable","14":"product-type-simple"},"acf":[],"_links":{"self":[{"href":"https:\/\/dev.mivv.com\/fr\/wp-json\/wp\/v2\/product\/78374","targetHints":{"allow":["GET"]}}],"collection":[{"href":"https:\/\/dev.mivv.com\/fr\/wp-json\/wp\/v2\/product"}],"about":[{"href":"https:\/\/dev.mivv.com\/fr\/wp-json\/wp\/v2\/types\/product"}],"wp:featuredmedia":[{"embeddable":true,"href":"https:\/\/dev.mivv.com\/fr\/wp-json\/wp\/v2\/media\/45823"}],"wp:attachment":[{"href":"https:\/\/dev.mivv.com\/fr\/wp-json\/wp\/v2\/media?parent=78374"}],"wp:term":[{"taxonomy":"product_brand","embeddable":true,"href":"https:\/\/dev.mivv.com\/fr\/wp-json\/wp\/v2\/product_brand?post=78374"},{"taxonomy":"product_cat","embeddable":true,"href":"https:\/\/dev.mivv.com\/fr\/wp-json\/wp\/v2\/product_cat?post=78374"},{"taxonomy":"product_tag","embeddable":true,"href":"https:\/\/dev.mivv.com\/fr\/wp-json\/wp\/v2\/product_tag?post=78374"}],"curies":[{"name":"wp","href":"https:\/\/api.w.org\/{rel}","templated":true}]}}