{"id":78764,"date":"2026-04-15T18:46:57","date_gmt":"2026-04-15T16:46:57","guid":{"rendered":"https:\/\/dev.mivv.com\/scarico-moto\/y-067-lxbp-yamaha-mt-125-2020-2024\/"},"modified":"2026-04-15T18:46:57","modified_gmt":"2026-04-15T16:46:57","slug":"y-067-lxbp-yamaha-mt-125-2020-2024","status":"publish","type":"product","link":"https:\/\/dev.mivv.com\/fr\/product\/y-067-lxbp-yamaha-mt-125-2020-2024\/","title":{"rendered":"Y.067.LXBP \u2013 YAMAHA MT-125 2020 > 2024"},"content":{"rendered":"<p>R\u00e9alis\u00e9 pour am\u00e9liorer <strong>l\u2019aspect, le son et les prestations<\/strong> de la moto, le pot slip-on Mivv est issu de l\u2019attention maximale vers le design, en vue de satisfaire ceux qui souhaitent se <strong>d\u00e9marquer<\/strong> aussi par l\u2019allure de leur moto.<\/p>\n<p>Le pot GP PRO montre avec fiert\u00e9 les <strong>soudures TIG semi-artisanales<\/strong>, le <strong>design compact<\/strong> et le <strong>son profond<\/strong>. Inspir\u00e9 au monde des <strong>comp\u00e9titions<\/strong>, la sortie du pot est \u00e9quip\u00e9 d\u2019une <strong>grille de protection amovible<\/strong> qui cache le dB-killer. Sur le silencieux, tr\u00e8s \u00e9vident, le logo Mivv par laser.<\/p>\n<p>Le corps en acier noir a un effet bross\u00e9 <strong>\u201cBlack Moon\u201d<\/strong>, obtenu avec un processus sp\u00e9cial de coloration qui rend le pot <strong>plus agressif.<\/strong><\/p>\n","protected":false},"excerpt":{"rendered":"<p>HOMOLOGU\u00c9 EURO 4 -EURO 5 UNIQUEMENT AVEC CATALYSEUR ACC.076.A1 INSTALL\u00c9.<\/p>\n","protected":false},"featured_media":63719,"template":"","meta":{"_acf_changed":false},"product_brand":[21415,21413,21384],"product_cat":[679],"product_tag":[],"class_list":{"0":"post-78764","1":"product","2":"type-product","3":"status-publish","4":"has-post-thumbnail","6":"product_brand-2020-mt-125","7":"product_brand-mt-125","8":"product_brand-yamaha","9":"product_cat-ligne-complete","11":"first","12":"instock","13":"shipping-taxable","14":"product-type-simple"},"acf":[],"_links":{"self":[{"href":"https:\/\/dev.mivv.com\/fr\/wp-json\/wp\/v2\/product\/78764","targetHints":{"allow":["GET"]}}],"collection":[{"href":"https:\/\/dev.mivv.com\/fr\/wp-json\/wp\/v2\/product"}],"about":[{"href":"https:\/\/dev.mivv.com\/fr\/wp-json\/wp\/v2\/types\/product"}],"wp:featuredmedia":[{"embeddable":true,"href":"https:\/\/dev.mivv.com\/fr\/wp-json\/wp\/v2\/media\/63719"}],"wp:attachment":[{"href":"https:\/\/dev.mivv.com\/fr\/wp-json\/wp\/v2\/media?parent=78764"}],"wp:term":[{"taxonomy":"product_brand","embeddable":true,"href":"https:\/\/dev.mivv.com\/fr\/wp-json\/wp\/v2\/product_brand?post=78764"},{"taxonomy":"product_cat","embeddable":true,"href":"https:\/\/dev.mivv.com\/fr\/wp-json\/wp\/v2\/product_cat?post=78764"},{"taxonomy":"product_tag","embeddable":true,"href":"https:\/\/dev.mivv.com\/fr\/wp-json\/wp\/v2\/product_tag?post=78764"}],"curies":[{"name":"wp","href":"https:\/\/api.w.org\/{rel}","templated":true}]}}