{"id":78827,"date":"2026-04-15T18:47:14","date_gmt":"2026-04-15T16:47:14","guid":{"rendered":"https:\/\/dev.mivv.com\/scarico-moto\/kt-025-lc4b-ktm-125-duke-2021-2023\/"},"modified":"2026-04-15T18:47:14","modified_gmt":"2026-04-15T16:47:14","slug":"kt-025-lc4b-ktm-125-duke-2021-2023","status":"publish","type":"product","link":"https:\/\/dev.mivv.com\/fr\/product\/kt-025-lc4b-ktm-125-duke-2021-2023\/","title":{"rendered":"KT.025.LC4B- KTM 125 DUKE 2021 > 2023"},"content":{"rendered":"<p>R\u00e9alis\u00e9 pour am\u00e9liorer <strong>l\u2019aspect, le son et les prestations<\/strong> de la moto, le pot slip-on Mivv est issu de l\u2019attention maximale vers le design, en vue de satisfaire ceux qui souhaitent se <strong>d\u00e9marquer<\/strong> aussi par l\u2019allure de leur moto.<\/p>\n<p>La gamme Mivv <strong>X-M1<\/strong>, fruit de l&rsquo;exp\u00e9rience acquise lors des championnats du monde <strong>MotoGP<\/strong> et <strong>Moto2<\/strong>, est la synth\u00e8se parfaite entre <strong>style de course<\/strong> et <strong>performance<\/strong>. Avec un <strong>design<\/strong> similaire aux \u00e9chappements con\u00e7us pour le championnat du monde, le silencieux <strong>X-M1<\/strong> a une forme <strong>conique<\/strong> et des dimensions <strong>compactes<\/strong> capables de d\u00e9gager le <strong>son<\/strong> captivant MIVV.<\/p>\n<p>La version <strong>Black<\/strong> est caract\u00e9ris\u00e9e par un corps central en acier inox noir 304 avec effet <strong>\u00ab\u00a0Black Moon\u00a0\u00bb<\/strong>, une finition obtenue gr\u00e2ce \u00e0 un proc\u00e9d\u00e9 de peinture sp\u00e9cial \u00e0 base de c\u00e9ramique.<\/p>\n<p><strong>X-M1 pur style italien<\/strong><\/p>\n","protected":false},"excerpt":{"rendered":"<p>R\u00e9alis\u00e9 pour am\u00e9liorer l\u2019aspect, le son et les prestations de la moto, le pot slip-on Mivv est issu de l\u2019attention maximale vers le design, en vue de satisfaire ceux qui souhaitent se d\u00e9marquer aussi par l\u2019allure de leur moto. La gamme Mivv X-M1, fruit de l&rsquo;exp\u00e9rience acquise lors des championnats du monde MotoGP et Moto2, [&hellip;]<\/p>\n","protected":false},"featured_media":64748,"template":"","meta":{"_acf_changed":false},"product_brand":[20979,20982,20972],"product_cat":[704],"product_tag":[],"class_list":{"0":"post-78827","1":"product","2":"type-product","3":"status-publish","4":"has-post-thumbnail","6":"product_brand-125-duke","7":"product_brand-2021-125-duke","8":"product_brand-ktm","9":"product_cat-slip-on","11":"first","12":"instock","13":"shipping-taxable","14":"product-type-simple"},"acf":[],"_links":{"self":[{"href":"https:\/\/dev.mivv.com\/fr\/wp-json\/wp\/v2\/product\/78827","targetHints":{"allow":["GET"]}}],"collection":[{"href":"https:\/\/dev.mivv.com\/fr\/wp-json\/wp\/v2\/product"}],"about":[{"href":"https:\/\/dev.mivv.com\/fr\/wp-json\/wp\/v2\/types\/product"}],"wp:featuredmedia":[{"embeddable":true,"href":"https:\/\/dev.mivv.com\/fr\/wp-json\/wp\/v2\/media\/64748"}],"wp:attachment":[{"href":"https:\/\/dev.mivv.com\/fr\/wp-json\/wp\/v2\/media?parent=78827"}],"wp:term":[{"taxonomy":"product_brand","embeddable":true,"href":"https:\/\/dev.mivv.com\/fr\/wp-json\/wp\/v2\/product_brand?post=78827"},{"taxonomy":"product_cat","embeddable":true,"href":"https:\/\/dev.mivv.com\/fr\/wp-json\/wp\/v2\/product_cat?post=78827"},{"taxonomy":"product_tag","embeddable":true,"href":"https:\/\/dev.mivv.com\/fr\/wp-json\/wp\/v2\/product_tag?post=78827"}],"curies":[{"name":"wp","href":"https:\/\/api.w.org\/{rel}","templated":true}]}}