{"id":79031,"date":"2026-04-15T18:47:48","date_gmt":"2026-04-15T16:47:48","guid":{"rendered":"https:\/\/dev.mivv.com\/scarico-moto\/kt-025-c1-ktm-125-duke-2021\/"},"modified":"2026-04-15T18:47:48","modified_gmt":"2026-04-15T16:47:48","slug":"kt-025-c1-ktm-125-duke-2021","status":"publish","type":"product","link":"https:\/\/dev.mivv.com\/fr\/product\/kt-025-c1-ktm-125-duke-2021\/","title":{"rendered":"KT.025.C1 &#8211; KTM 125 DUKE 2021 >"},"content":{"rendered":"<p>Les tubes d\u00e9catalyseur optionnelles, r\u00e9alis\u00e9s en acier inox, permettent d\u2019augmenter les performances du v\u00e9hicule surtout si associ\u00e9s au silencieux slip-on Mivv en garantissant un look plus \u00ab racing \u00bb et un son incomparable. Les tubes d\u00e9catalyseur ne sont pas homologu\u00e9s pour un usage routier.<\/p>\n","protected":false},"excerpt":{"rendered":"<p>No-kat pipe (convient aussi bien aux silencieux MIVV qu&rsquo;\u00e0 l&rsquo;original)<\/p>\n","protected":false},"featured_media":29397,"template":"","meta":{"_acf_changed":false},"product_brand":[20979,20982,20972],"product_cat":[794],"product_tag":[],"class_list":{"0":"post-79031","1":"product","2":"type-product","3":"status-publish","4":"has-post-thumbnail","6":"product_brand-125-duke","7":"product_brand-2021-125-duke","8":"product_brand-ktm","9":"product_cat-tube-sans-kat","11":"first","12":"instock","13":"shipping-taxable","14":"product-type-simple"},"acf":[],"_links":{"self":[{"href":"https:\/\/dev.mivv.com\/fr\/wp-json\/wp\/v2\/product\/79031","targetHints":{"allow":["GET"]}}],"collection":[{"href":"https:\/\/dev.mivv.com\/fr\/wp-json\/wp\/v2\/product"}],"about":[{"href":"https:\/\/dev.mivv.com\/fr\/wp-json\/wp\/v2\/types\/product"}],"wp:featuredmedia":[{"embeddable":true,"href":"https:\/\/dev.mivv.com\/fr\/wp-json\/wp\/v2\/media\/29397"}],"wp:attachment":[{"href":"https:\/\/dev.mivv.com\/fr\/wp-json\/wp\/v2\/media?parent=79031"}],"wp:term":[{"taxonomy":"product_brand","embeddable":true,"href":"https:\/\/dev.mivv.com\/fr\/wp-json\/wp\/v2\/product_brand?post=79031"},{"taxonomy":"product_cat","embeddable":true,"href":"https:\/\/dev.mivv.com\/fr\/wp-json\/wp\/v2\/product_cat?post=79031"},{"taxonomy":"product_tag","embeddable":true,"href":"https:\/\/dev.mivv.com\/fr\/wp-json\/wp\/v2\/product_tag?post=79031"}],"curies":[{"name":"wp","href":"https:\/\/api.w.org\/{rel}","templated":true}]}}