{"id":79197,"date":"2026-04-15T18:48:29","date_gmt":"2026-04-15T16:48:29","guid":{"rendered":"https:\/\/dev.mivv.com\/scarico-moto\/k-054-ldrx-kawasaki-ninja-1000-sx-tourer-2020-2024\/"},"modified":"2026-04-15T18:48:29","modified_gmt":"2026-04-15T16:48:29","slug":"k-054-ldrx-kawasaki-ninja-1000-sx-tourer-2020-2024","status":"publish","type":"product","link":"https:\/\/dev.mivv.com\/fr\/product\/k-054-ldrx-kawasaki-ninja-1000-sx-tourer-2020-2024\/","title":{"rendered":"K.054.LDRX \u2013 KAWASAKI NINJA 1000 SX \/ TOURER 2020 > 2024"},"content":{"rendered":"<p>R\u00e9alis\u00e9 pour am\u00e9liorer <strong>l\u2019aspect, le son et les prestations<\/strong> de la moto, le pot slip-on Mivv est issu de l\u2019attention maximale vers le design, en vue de satisfaire ceux qui souhaitent se <strong>d\u00e9marquer<\/strong> aussi par l\u2019allure de leur moto.<\/p>\n<p>Le pot DELTA RACE a une <strong>forme incomparable<\/strong>, m\u00e9tamorphose graduelle de conique \u00e0 <strong>hexagonale<\/strong>. Plusieurs d\u00e9tailles rendent son style unique, comme l\u2019embout en carbone twill 3K\u00a0; le collier \u00e0 <strong>double file de rivets<\/strong>; l\u2019entr\u00e9e usin\u00e9e qui garantit un couplage de haute pr\u00e9cision. Le logo Mivv sur son corps est enfin marqu\u00e9 par laser.<\/p>\n<p>Le corps en acier bross\u00e9 \u00e0 l\u2019aspect <strong>\u201cperl\u00e9\u201d<\/strong>, obtenu par un traitement sp\u00e9cial lui donnant une <strong>allure inimitable<\/strong>.<\/p>\n","protected":false},"excerpt":{"rendered":"<p>R\u00e9alis\u00e9 pour am\u00e9liorer l\u2019aspect, le son et les prestations de la moto, le pot slip-on Mivv est issu de l\u2019attention maximale vers le design, en vue de satisfaire ceux qui souhaitent se d\u00e9marquer aussi par l\u2019allure de leur moto. Le pot DELTA RACE a une forme incomparable, m\u00e9tamorphose graduelle de conique \u00e0 hexagonale. Plusieurs d\u00e9tailles [&hellip;]<\/p>\n","protected":false},"featured_media":63843,"template":"","meta":{"_acf_changed":false},"product_brand":[20871,20862,20870],"product_cat":[704],"product_tag":[],"class_list":{"0":"post-79197","1":"product","2":"type-product","3":"status-publish","4":"has-post-thumbnail","6":"product_brand-2020-2021-ninja-1000-sx-tourer","7":"product_brand-kawasaki","8":"product_brand-ninja-1000-sx-tourer","9":"product_cat-slip-on","11":"first","12":"instock","13":"shipping-taxable","14":"product-type-simple"},"acf":[],"_links":{"self":[{"href":"https:\/\/dev.mivv.com\/fr\/wp-json\/wp\/v2\/product\/79197","targetHints":{"allow":["GET"]}}],"collection":[{"href":"https:\/\/dev.mivv.com\/fr\/wp-json\/wp\/v2\/product"}],"about":[{"href":"https:\/\/dev.mivv.com\/fr\/wp-json\/wp\/v2\/types\/product"}],"wp:featuredmedia":[{"embeddable":true,"href":"https:\/\/dev.mivv.com\/fr\/wp-json\/wp\/v2\/media\/63843"}],"wp:attachment":[{"href":"https:\/\/dev.mivv.com\/fr\/wp-json\/wp\/v2\/media?parent=79197"}],"wp:term":[{"taxonomy":"product_brand","embeddable":true,"href":"https:\/\/dev.mivv.com\/fr\/wp-json\/wp\/v2\/product_brand?post=79197"},{"taxonomy":"product_cat","embeddable":true,"href":"https:\/\/dev.mivv.com\/fr\/wp-json\/wp\/v2\/product_cat?post=79197"},{"taxonomy":"product_tag","embeddable":true,"href":"https:\/\/dev.mivv.com\/fr\/wp-json\/wp\/v2\/product_tag?post=79197"}],"curies":[{"name":"wp","href":"https:\/\/api.w.org\/{rel}","templated":true}]}}