{"id":79246,"date":"2026-04-15T18:48:42","date_gmt":"2026-04-15T16:48:42","guid":{"rendered":"https:\/\/dev.mivv.com\/scarico-moto\/k-045-c2-kawasaki-z900-a2-35-70-kw-2017-2024\/"},"modified":"2026-04-15T18:48:42","modified_gmt":"2026-04-15T16:48:42","slug":"k-045-c2-kawasaki-z900-a2-35-70-kw-2017-2024","status":"publish","type":"product","link":"https:\/\/dev.mivv.com\/fr\/product\/k-045-c2-kawasaki-z900-a2-35-70-kw-2017-2024\/","title":{"rendered":"K.045.C2 \u2013 KAWASAKI Z900 A2 (35\/70 KW) 2017 > 2024"},"content":{"rendered":"<p>Les tubes d\u00e9catalyseur optionnelles, r\u00e9alis\u00e9s en acier inox, permettent d\u2019augmenter les performances du v\u00e9hicule surtout si associ\u00e9s au silencieux slip-on Mivv en garantissant un look plus \u00ab racing \u00bb et un son incomparable. Les tubes d\u00e9catalyseur ne sont pas homologu\u00e9s pour un usage routier.<\/p>\n","protected":false},"excerpt":{"rendered":"<p>No-kat full collectors (compatible with both MIVV and original silencers).<\/p>\n","protected":false},"featured_media":30385,"template":"","meta":{"_acf_changed":false},"product_brand":[20934,20862,20933],"product_cat":[794],"product_tag":[],"class_list":{"0":"post-79246","1":"product","2":"type-product","3":"status-publish","4":"has-post-thumbnail","6":"product_brand-2017-z900-a2","7":"product_brand-kawasaki","8":"product_brand-z900-a2","9":"product_cat-tube-sans-kat","11":"first","12":"instock","13":"shipping-taxable","14":"product-type-simple"},"acf":[],"_links":{"self":[{"href":"https:\/\/dev.mivv.com\/fr\/wp-json\/wp\/v2\/product\/79246","targetHints":{"allow":["GET"]}}],"collection":[{"href":"https:\/\/dev.mivv.com\/fr\/wp-json\/wp\/v2\/product"}],"about":[{"href":"https:\/\/dev.mivv.com\/fr\/wp-json\/wp\/v2\/types\/product"}],"wp:featuredmedia":[{"embeddable":true,"href":"https:\/\/dev.mivv.com\/fr\/wp-json\/wp\/v2\/media\/30385"}],"wp:attachment":[{"href":"https:\/\/dev.mivv.com\/fr\/wp-json\/wp\/v2\/media?parent=79246"}],"wp:term":[{"taxonomy":"product_brand","embeddable":true,"href":"https:\/\/dev.mivv.com\/fr\/wp-json\/wp\/v2\/product_brand?post=79246"},{"taxonomy":"product_cat","embeddable":true,"href":"https:\/\/dev.mivv.com\/fr\/wp-json\/wp\/v2\/product_cat?post=79246"},{"taxonomy":"product_tag","embeddable":true,"href":"https:\/\/dev.mivv.com\/fr\/wp-json\/wp\/v2\/product_tag?post=79246"}],"curies":[{"name":"wp","href":"https:\/\/api.w.org\/{rel}","templated":true}]}}