{"id":79683,"date":"2026-04-15T18:51:34","date_gmt":"2026-04-15T16:51:34","guid":{"rendered":"https:\/\/dev.mivv.com\/scarico-moto\/kt-027-lrt-ktm-1290-super-adventure-r-s-t-2021-2024\/"},"modified":"2026-04-15T18:51:34","modified_gmt":"2026-04-15T16:51:34","slug":"kt-027-lrt-ktm-1290-super-adventure-r-s-t-2021-2024","status":"publish","type":"product","link":"https:\/\/dev.mivv.com\/fr\/product\/kt-027-lrt-ktm-1290-super-adventure-r-s-t-2021-2024\/","title":{"rendered":"KT.027.LRT \u2013 KTM 1290 SUPER ADVENTURE \/ R \/ S \/ T  2021 > 2024"},"content":{"rendered":"<p>R\u00e9alis\u00e9 pour am\u00e9liorer <strong>l\u2019aspect, le son et les prestations<\/strong> de la moto, le pot slip-on Mivv est issu de l\u2019attention maximale vers le design, en vue de satisfaire ceux qui souhaitent se <strong>d\u00e9marquer<\/strong> aussi par l\u2019allure de leur moto.<\/p>\n<p><strong>Concept modern<\/strong> et grandes prestations sont les qualit\u00e9s principales du pot SPEED EDGE, auxquelles se lie un <strong>son<\/strong> distinctement <strong>sportif<\/strong>.<\/p>\n<p>Fabriqu\u00e9 avec un corps en <strong>titane<\/strong> et coupelle et collier en <strong>carbone<\/strong>, l&rsquo;\u00e9chappement est de forme <strong>hexagonale<\/strong>. <\/p>\n","protected":false},"excerpt":{"rendered":"<p>PARE-CHALEUR CARBONE INCLUS<\/p>\n","protected":false},"featured_media":34550,"template":"","meta":{"_acf_changed":false},"product_brand":[20984,20986,20972],"product_cat":[704],"product_tag":[],"class_list":{"0":"post-79683","1":"product","2":"type-product","3":"status-publish","4":"has-post-thumbnail","6":"product_brand-1290-super-adventure-r-s-t","7":"product_brand-2021-1290-super-adventure-r-s-t","8":"product_brand-ktm","9":"product_cat-slip-on","11":"first","12":"instock","13":"shipping-taxable","14":"product-type-simple"},"acf":[],"_links":{"self":[{"href":"https:\/\/dev.mivv.com\/fr\/wp-json\/wp\/v2\/product\/79683","targetHints":{"allow":["GET"]}}],"collection":[{"href":"https:\/\/dev.mivv.com\/fr\/wp-json\/wp\/v2\/product"}],"about":[{"href":"https:\/\/dev.mivv.com\/fr\/wp-json\/wp\/v2\/types\/product"}],"wp:featuredmedia":[{"embeddable":true,"href":"https:\/\/dev.mivv.com\/fr\/wp-json\/wp\/v2\/media\/34550"}],"wp:attachment":[{"href":"https:\/\/dev.mivv.com\/fr\/wp-json\/wp\/v2\/media?parent=79683"}],"wp:term":[{"taxonomy":"product_brand","embeddable":true,"href":"https:\/\/dev.mivv.com\/fr\/wp-json\/wp\/v2\/product_brand?post=79683"},{"taxonomy":"product_cat","embeddable":true,"href":"https:\/\/dev.mivv.com\/fr\/wp-json\/wp\/v2\/product_cat?post=79683"},{"taxonomy":"product_tag","embeddable":true,"href":"https:\/\/dev.mivv.com\/fr\/wp-json\/wp\/v2\/product_tag?post=79683"}],"curies":[{"name":"wp","href":"https:\/\/api.w.org\/{rel}","templated":true}]}}