{"id":80173,"date":"2026-04-15T18:55:28","date_gmt":"2026-04-15T16:55:28","guid":{"rendered":"https:\/\/dev.mivv.com\/scarico-moto\/y-058-lrx-yamaha-tracer-7-gt-2021-2024\/"},"modified":"2026-04-15T18:55:28","modified_gmt":"2026-04-15T16:55:28","slug":"y-058-lrx-yamaha-tracer-7-gt-2021-2024","status":"publish","type":"product","link":"https:\/\/dev.mivv.com\/fr\/product\/y-058-lrx-yamaha-tracer-7-gt-2021-2024\/","title":{"rendered":"Y.058.LRX &#8211; YAMAHA TRACER 7 \/ GT  2021 > 2024"},"content":{"rendered":"<p>R\u00e9alis\u00e9 pour am\u00e9liorer <strong>l\u2019aspect, le son et les prestations<\/strong> de la moto, le pot slip-on Mivv est issu de l\u2019attention maximale vers le design, en vue de satisfaire ceux qui souhaitent se <strong>d\u00e9marquer<\/strong> aussi par l\u2019allure de leur moto.<\/p>\n<p><strong>Concept modern<\/strong> et grandes prestations sont les qualit\u00e9s principales du pot SPEED EDGE, auxquelles se lie un <strong>son<\/strong> distinctement <strong>sportif<\/strong>.<\/p>\n<p>Corps r\u00e9alis\u00e9 en <strong>acier inox bross\u00e9<\/strong> et embout et collier de fixation en <strong>carbone<\/strong> ce pot de forme <strong>hexagonale<\/strong>.<\/p>\n","protected":false},"excerpt":{"rendered":"<p>HOMOLOGU\u00c9 UNIQUEMENT AVEC CATALYSEUR ACC.042.A1 INSTALL\u00c9. NON COMPATIBLE AVEC LES V\u00c9HICULES EURO5+ \u00c9QUIP\u00c9S DE SONDE LAMBDA APRES-CATALYSEUR<\/p>\n","protected":false},"featured_media":45601,"template":"","meta":{"_acf_changed":false},"product_brand":[21437,21436,21384],"product_cat":[679],"product_tag":[],"class_list":{"0":"post-80173","1":"product","2":"type-product","3":"status-publish","4":"has-post-thumbnail","6":"product_brand-2021-tracer7-gt","7":"product_brand-tracer7-gt","8":"product_brand-yamaha","9":"product_cat-ligne-complete","11":"first","12":"instock","13":"shipping-taxable","14":"product-type-simple"},"acf":[],"_links":{"self":[{"href":"https:\/\/dev.mivv.com\/fr\/wp-json\/wp\/v2\/product\/80173","targetHints":{"allow":["GET"]}}],"collection":[{"href":"https:\/\/dev.mivv.com\/fr\/wp-json\/wp\/v2\/product"}],"about":[{"href":"https:\/\/dev.mivv.com\/fr\/wp-json\/wp\/v2\/types\/product"}],"wp:featuredmedia":[{"embeddable":true,"href":"https:\/\/dev.mivv.com\/fr\/wp-json\/wp\/v2\/media\/45601"}],"wp:attachment":[{"href":"https:\/\/dev.mivv.com\/fr\/wp-json\/wp\/v2\/media?parent=80173"}],"wp:term":[{"taxonomy":"product_brand","embeddable":true,"href":"https:\/\/dev.mivv.com\/fr\/wp-json\/wp\/v2\/product_brand?post=80173"},{"taxonomy":"product_cat","embeddable":true,"href":"https:\/\/dev.mivv.com\/fr\/wp-json\/wp\/v2\/product_cat?post=80173"},{"taxonomy":"product_tag","embeddable":true,"href":"https:\/\/dev.mivv.com\/fr\/wp-json\/wp\/v2\/product_tag?post=80173"}],"curies":[{"name":"wp","href":"https:\/\/api.w.org\/{rel}","templated":true}]}}