{"id":80201,"date":"2026-04-15T18:55:38","date_gmt":"2026-04-15T16:55:38","guid":{"rendered":"https:\/\/dev.mivv.com\/scarico-moto\/acc-044-a1-yamaha-x-max-400-2013-2016\/"},"modified":"2026-04-15T18:55:38","modified_gmt":"2026-04-15T16:55:38","slug":"acc-044-a1-yamaha-x-max-400-2013-2016","status":"publish","type":"product","link":"https:\/\/dev.mivv.com\/fr\/product\/acc-044-a1-yamaha-x-max-400-2013-2016\/","title":{"rendered":"ACC.044.A1 &#8211; YAMAHA X-MAX 400 2013 > 2016"},"content":{"rendered":"<p>Mivv propose des catalyseurs m\u00e9talliques afin de garantir \u00e0 votre moto une am\u00e9lioration des performances et du son.<br \/>\nCes catalyseurs sont \u00e9tudi\u00e9s pour obtenir une r\u00e9duction ad\u00e9quate des \u00e9missions polluantes qui permet l\u2019homologation du syst\u00e8me d\u2019\u00e9chappement selon les normes en vigueur.<\/p>\n","protected":false},"excerpt":{"rendered":"<p>S&rsquo;ADAPTE UNIQUEMENT SUR L&rsquo;\u00c9CHAPPEMENT MOVER<\/p>\n","protected":false},"featured_media":63272,"template":"","meta":{"_acf_changed":false},"product_brand":[21462,21461,21384],"product_cat":[689],"product_tag":[],"class_list":{"0":"post-80201","1":"product","2":"type-product","3":"status-publish","4":"has-post-thumbnail","6":"product_brand-2013-2016-x-max-400","7":"product_brand-x-max-400","8":"product_brand-yamaha","9":"product_cat-catalyseur","11":"first","12":"instock","13":"shipping-taxable","14":"product-type-simple"},"acf":[],"_links":{"self":[{"href":"https:\/\/dev.mivv.com\/fr\/wp-json\/wp\/v2\/product\/80201","targetHints":{"allow":["GET"]}}],"collection":[{"href":"https:\/\/dev.mivv.com\/fr\/wp-json\/wp\/v2\/product"}],"about":[{"href":"https:\/\/dev.mivv.com\/fr\/wp-json\/wp\/v2\/types\/product"}],"wp:featuredmedia":[{"embeddable":true,"href":"https:\/\/dev.mivv.com\/fr\/wp-json\/wp\/v2\/media\/63272"}],"wp:attachment":[{"href":"https:\/\/dev.mivv.com\/fr\/wp-json\/wp\/v2\/media?parent=80201"}],"wp:term":[{"taxonomy":"product_brand","embeddable":true,"href":"https:\/\/dev.mivv.com\/fr\/wp-json\/wp\/v2\/product_brand?post=80201"},{"taxonomy":"product_cat","embeddable":true,"href":"https:\/\/dev.mivv.com\/fr\/wp-json\/wp\/v2\/product_cat?post=80201"},{"taxonomy":"product_tag","embeddable":true,"href":"https:\/\/dev.mivv.com\/fr\/wp-json\/wp\/v2\/product_tag?post=80201"}],"curies":[{"name":"wp","href":"https:\/\/api.w.org\/{rel}","templated":true}]}}