{"id":80327,"date":"2026-04-15T18:56:16","date_gmt":"2026-04-15T16:56:16","guid":{"rendered":"https:\/\/dev.mivv.com\/scarico-moto\/50-dk-187-0-yamaha-tenere-700-2019-2024\/"},"modified":"2026-04-15T18:56:16","modified_gmt":"2026-04-15T16:56:16","slug":"50-dk-187-0-yamaha-tenere-700-2019-2024","status":"publish","type":"product","link":"https:\/\/dev.mivv.com\/fr\/product\/50-dk-187-0-yamaha-tenere-700-2019-2024\/","title":{"rendered":"50.DK.187.0 \u2013 YAMAHA TENERE\u2019 700 2019 > 2024"},"content":{"rendered":"<p>Le DB-Killer est un dispositif sp\u00e9cialement d\u00e9velopp\u00e9 pour <strong>r\u00e9duire davantage le bruit du syst\u00e8me d&rsquo;\u00e9chappement<\/strong>. Chaque <strong>mod\u00e8le<\/strong> DB-Killer est sp\u00e9cifiquement con\u00e7u pour chaque moto.<\/p>\n","protected":false},"excerpt":{"rendered":"<p>DB KILLER RACING OPTIONNEL POUR ECHAPPEMENT DAKAR.<\/p>\n","protected":false},"featured_media":46036,"template":"","meta":{"_acf_changed":false},"product_brand":[21434,21433,21384],"product_cat":[4391],"product_tag":[],"class_list":{"0":"post-80327","1":"product","2":"type-product","3":"status-publish","4":"has-post-thumbnail","6":"product_brand-2019-tenere-700","7":"product_brand-tenere-700","8":"product_brand-yamaha","9":"product_cat-db-killer","11":"first","12":"instock","13":"shipping-taxable","14":"product-type-simple"},"acf":[],"_links":{"self":[{"href":"https:\/\/dev.mivv.com\/fr\/wp-json\/wp\/v2\/product\/80327","targetHints":{"allow":["GET"]}}],"collection":[{"href":"https:\/\/dev.mivv.com\/fr\/wp-json\/wp\/v2\/product"}],"about":[{"href":"https:\/\/dev.mivv.com\/fr\/wp-json\/wp\/v2\/types\/product"}],"wp:featuredmedia":[{"embeddable":true,"href":"https:\/\/dev.mivv.com\/fr\/wp-json\/wp\/v2\/media\/46036"}],"wp:attachment":[{"href":"https:\/\/dev.mivv.com\/fr\/wp-json\/wp\/v2\/media?parent=80327"}],"wp:term":[{"taxonomy":"product_brand","embeddable":true,"href":"https:\/\/dev.mivv.com\/fr\/wp-json\/wp\/v2\/product_brand?post=80327"},{"taxonomy":"product_cat","embeddable":true,"href":"https:\/\/dev.mivv.com\/fr\/wp-json\/wp\/v2\/product_cat?post=80327"},{"taxonomy":"product_tag","embeddable":true,"href":"https:\/\/dev.mivv.com\/fr\/wp-json\/wp\/v2\/product_tag?post=80327"}],"curies":[{"name":"wp","href":"https:\/\/api.w.org\/{rel}","templated":true}]}}