{"id":80397,"date":"2026-04-15T19:13:48","date_gmt":"2026-04-15T17:13:48","guid":{"rendered":"https:\/\/dev.mivv.com\/scarico-moto\/acc-077-a1-yamaha-r7-2022-2022\/"},"modified":"2026-04-15T19:13:48","modified_gmt":"2026-04-15T17:13:48","slug":"acc-077-a1-yamaha-r7-2022-2022","status":"publish","type":"product","link":"https:\/\/dev.mivv.com\/fr\/product\/acc-077-a1-yamaha-r7-2022-2022\/","title":{"rendered":"ACC.077.A1 &#8211; YAMAHA R7 2022 > 2022"},"content":{"rendered":"<p>Mivv propose des catalyseurs m\u00e9talliques afin de garantir \u00e0 votre moto une am\u00e9lioration des performances et du son.<br \/>\nCes catalyseurs sont \u00e9tudi\u00e9s pour obtenir une r\u00e9duction ad\u00e9quate des \u00e9missions polluantes qui permet l\u2019homologation du syst\u00e8me d\u2019\u00e9chappement selon les normes en vigueur.<\/p>\n","protected":false},"excerpt":{"rendered":"<p>FIT SUR LES CODES SUIVANTS: Y.071.L2P, Y.071.LR1T, Y.071.LR1TB<\/p>\n","protected":false},"featured_media":63272,"template":"","meta":{"_acf_changed":false},"product_brand":[21418,21417,21384],"product_cat":[689],"product_tag":[],"class_list":{"0":"post-80397","1":"product","2":"type-product","3":"status-publish","4":"has-post-thumbnail","6":"product_brand-2022-r7","7":"product_brand-r7","8":"product_brand-yamaha","9":"product_cat-catalyseur","11":"first","12":"instock","13":"shipping-taxable","14":"product-type-simple"},"acf":[],"_links":{"self":[{"href":"https:\/\/dev.mivv.com\/fr\/wp-json\/wp\/v2\/product\/80397","targetHints":{"allow":["GET"]}}],"collection":[{"href":"https:\/\/dev.mivv.com\/fr\/wp-json\/wp\/v2\/product"}],"about":[{"href":"https:\/\/dev.mivv.com\/fr\/wp-json\/wp\/v2\/types\/product"}],"wp:featuredmedia":[{"embeddable":true,"href":"https:\/\/dev.mivv.com\/fr\/wp-json\/wp\/v2\/media\/63272"}],"wp:attachment":[{"href":"https:\/\/dev.mivv.com\/fr\/wp-json\/wp\/v2\/media?parent=80397"}],"wp:term":[{"taxonomy":"product_brand","embeddable":true,"href":"https:\/\/dev.mivv.com\/fr\/wp-json\/wp\/v2\/product_brand?post=80397"},{"taxonomy":"product_cat","embeddable":true,"href":"https:\/\/dev.mivv.com\/fr\/wp-json\/wp\/v2\/product_cat?post=80397"},{"taxonomy":"product_tag","embeddable":true,"href":"https:\/\/dev.mivv.com\/fr\/wp-json\/wp\/v2\/product_tag?post=80397"}],"curies":[{"name":"wp","href":"https:\/\/api.w.org\/{rel}","templated":true}]}}