{"id":80446,"date":"2026-04-15T19:14:04","date_gmt":"2026-04-15T17:14:04","guid":{"rendered":"https:\/\/dev.mivv.com\/scarico-moto\/m-hu-010-lxc-husqvarna-701-enduro-supermoto-2021-2024\/"},"modified":"2026-04-15T19:14:04","modified_gmt":"2026-04-15T17:14:04","slug":"m-hu-010-lxc-husqvarna-701-enduro-supermoto-2021-2024","status":"publish","type":"product","link":"https:\/\/dev.mivv.com\/fr\/product\/m-hu-010-lxc-husqvarna-701-enduro-supermoto-2021-2024\/","title":{"rendered":"M.HU.010.LXC \u2013 HUSQVARNA 701 ENDURO \/ SUPERMOTO 2021 > 2024"},"content":{"rendered":"<p>Construit avec le <strong>meilleure lay-out<\/strong> possible pour s&rsquo;adapter aux espaces disponibles sur la moto, l&rsquo;\u00e9chappement Mivv STR-1 a \u00e9t\u00e9 con\u00e7u pour garantir les meilleures <strong>performances, fiabilit\u00e9 et r\u00e9duction de poids<\/strong>.<br \/>\nL&rsquo;\u00e9chappement est en <strong>acier inoxydable<\/strong> AISI 304 et dispose d&rsquo;un embout en carbone en twill 3k et est \u00e9quip\u00e9 d&rsquo;un <strong>DB-Killer sp\u00e9cial<\/strong> optimis\u00e9 pour <strong>r\u00e9duire<\/strong> le bruit sans <strong>p\u00e9naliser<\/strong> les performances.<br \/>\nL&rsquo;\u00e9chappement STR-1 a \u00e9t\u00e9 <strong>con\u00e7u<\/strong> pour que le moteur puisse <strong>s&rsquo;exprimer au mieux sur toute<\/strong> la plage de r\u00e9volutions du moteur. Les <strong>tests au banc d\u2019essai<\/strong>, \u00e9galement confirm\u00e9s par les tests sur piste, montrent <strong>d&rsquo;excellentes performances \u00e0 bas comme \u00e0 haut r\u00e9gime<\/strong>.<br \/>\nL&rsquo;\u00e9chappement STR-1 est \u00e9quip\u00e9 de mat\u00e9riaux <strong>insonorisants<\/strong> de derni\u00e8re g\u00e9n\u00e9ration, d\u00e9velopp\u00e9s par notre R&#038;D, et vous permet de respecter les <strong>limites sonores<\/strong> de plus en plus strictes impos\u00e9es par les r\u00e9glementations nationales et internationales pour les <strong>comp\u00e9titions tout-terrain<\/strong>. Le mat\u00e9riau insonorisant est <strong>facilement rempla\u00e7able<\/strong> gr\u00e2ce \u00e0 la pr\u00e9sence <strong>de vis<\/strong> situ\u00e9es dans la partie avant du silencieux qui <strong>facilitent<\/strong> cette op\u00e9ration.<br \/>\nL&rsquo;\u00e9chappement Mivv STR-1 ne n\u00e9cessite pas de <strong>remappage<\/strong>. Le d\u00e9veloppement s&rsquo;est fait <strong>sans aucune modification<\/strong> de l&rsquo;\u00e9lectronique. Il est <strong>interchangeable<\/strong> avec le silencieux d&rsquo;origine.<\/p>\n","protected":false},"excerpt":{"rendered":"<p>HOMOLOGU\u00c9 EURO 5 UNIQUEMENT AVEC CATALYSEUR ACC.041.A1 INSTALL\u00c9. NON COMPATIBLE AVEC LES V\u00c9HICULES EURO5+ \u00c9QUIP\u00c9S DE SONDE LAMBDA APRES-CATALYSEUR.<\/p>\n","protected":false},"featured_media":29353,"template":"","meta":{"_acf_changed":false},"product_brand":[20854,20852,20851],"product_cat":[704],"product_tag":[],"class_list":{"0":"post-80446","1":"product","2":"type-product","3":"status-publish","4":"has-post-thumbnail","6":"product_brand-2021-2022-701-enduro-supermoto","7":"product_brand-701-enduro-supermoto","8":"product_brand-husqvarna","9":"product_cat-slip-on","11":"first","12":"instock","13":"shipping-taxable","14":"product-type-simple"},"acf":[],"_links":{"self":[{"href":"https:\/\/dev.mivv.com\/fr\/wp-json\/wp\/v2\/product\/80446","targetHints":{"allow":["GET"]}}],"collection":[{"href":"https:\/\/dev.mivv.com\/fr\/wp-json\/wp\/v2\/product"}],"about":[{"href":"https:\/\/dev.mivv.com\/fr\/wp-json\/wp\/v2\/types\/product"}],"wp:featuredmedia":[{"embeddable":true,"href":"https:\/\/dev.mivv.com\/fr\/wp-json\/wp\/v2\/media\/29353"}],"wp:attachment":[{"href":"https:\/\/dev.mivv.com\/fr\/wp-json\/wp\/v2\/media?parent=80446"}],"wp:term":[{"taxonomy":"product_brand","embeddable":true,"href":"https:\/\/dev.mivv.com\/fr\/wp-json\/wp\/v2\/product_brand?post=80446"},{"taxonomy":"product_cat","embeddable":true,"href":"https:\/\/dev.mivv.com\/fr\/wp-json\/wp\/v2\/product_cat?post=80446"},{"taxonomy":"product_tag","embeddable":true,"href":"https:\/\/dev.mivv.com\/fr\/wp-json\/wp\/v2\/product_tag?post=80446"}],"curies":[{"name":"wp","href":"https:\/\/api.w.org\/{rel}","templated":true}]}}