{"id":80668,"date":"2026-04-15T19:15:02","date_gmt":"2026-04-15T17:15:02","guid":{"rendered":"https:\/\/dev.mivv.com\/scarico-moto\/t-025-lm3c-triumph-speed-triple-1200-rr-rs-2021-2024\/"},"modified":"2026-04-15T19:15:02","modified_gmt":"2026-04-15T17:15:02","slug":"t-025-lm3c-triumph-speed-triple-1200-rr-rs-2021-2024","status":"publish","type":"product","link":"https:\/\/dev.mivv.com\/fr\/product\/t-025-lm3c-triumph-speed-triple-1200-rr-rs-2021-2024\/","title":{"rendered":"T.025.LM3C \u2013 TRIUMPH SPEED TRIPLE 1200 RR\/ RS 2021 > 2024"},"content":{"rendered":"<p>R\u00e9alis\u00e9 pour am\u00e9liorer <strong>l\u2019aspect, le son et les prestations<\/strong> de la moto, le pot slip-on Mivv est issu de l\u2019attention maximale vers le design, en vue de satisfaire ceux qui souhaitent se <strong>d\u00e9marquer<\/strong> aussi par l\u2019allure de leur moto.<\/p>\n<p>Le pot <strong>MK3<\/strong>, fruit de l&rsquo;exp\u00e9rience acquise lors des championnats du monde <strong>Moto3 et Moto2<\/strong>, est la synth\u00e8se parfaite entre <strong>performance et technologie<\/strong>. Avec un <strong>design<\/strong> similaire aux \u00e9chappements con\u00e7us pour le <strong>championnat mondial Moto3<\/strong>, le MK3 est un produit <strong>compact<\/strong> capable de lib\u00e9rer <strong>le son captivant MIVV<\/strong>. <\/p>\n<p>The Carbon version features a central body in <strong>glossy\u00a0carbon<\/strong>\u00a0that, in combination with the protective grid on the exit cap, gives the product a particularly <strong>high tech look<\/strong>.<\/p>\n","protected":false},"excerpt":{"rendered":"<p>PARE-CHALEUR CARBONE INCLUS<\/p>\n","protected":false},"featured_media":44087,"template":"","meta":{"_acf_changed":false},"product_brand":[21345,21344,21337],"product_cat":[855],"product_tag":[],"class_list":{"0":"post-80668","1":"product","2":"type-product","3":"status-publish","4":"has-post-thumbnail","6":"product_brand-2021-speed-triple-1200-rr-rs","7":"product_brand-speed-triple-1200-rr-rs","8":"product_brand-triumph","9":"product_cat-2-slip-on","11":"first","12":"instock","13":"shipping-taxable","14":"product-type-simple"},"acf":[],"_links":{"self":[{"href":"https:\/\/dev.mivv.com\/fr\/wp-json\/wp\/v2\/product\/80668","targetHints":{"allow":["GET"]}}],"collection":[{"href":"https:\/\/dev.mivv.com\/fr\/wp-json\/wp\/v2\/product"}],"about":[{"href":"https:\/\/dev.mivv.com\/fr\/wp-json\/wp\/v2\/types\/product"}],"wp:featuredmedia":[{"embeddable":true,"href":"https:\/\/dev.mivv.com\/fr\/wp-json\/wp\/v2\/media\/44087"}],"wp:attachment":[{"href":"https:\/\/dev.mivv.com\/fr\/wp-json\/wp\/v2\/media?parent=80668"}],"wp:term":[{"taxonomy":"product_brand","embeddable":true,"href":"https:\/\/dev.mivv.com\/fr\/wp-json\/wp\/v2\/product_brand?post=80668"},{"taxonomy":"product_cat","embeddable":true,"href":"https:\/\/dev.mivv.com\/fr\/wp-json\/wp\/v2\/product_cat?post=80668"},{"taxonomy":"product_tag","embeddable":true,"href":"https:\/\/dev.mivv.com\/fr\/wp-json\/wp\/v2\/product_tag?post=80668"}],"curies":[{"name":"wp","href":"https:\/\/api.w.org\/{rel}","templated":true}]}}