{"id":80885,"date":"2026-04-15T19:16:09","date_gmt":"2026-04-15T17:16:09","guid":{"rendered":"https:\/\/dev.mivv.com\/scarico-moto\/m-015-c1-moto-guzzi-v100-mandello-2022-2024\/"},"modified":"2026-04-15T19:16:09","modified_gmt":"2026-04-15T17:16:09","slug":"m-015-c1-moto-guzzi-v100-mandello-2022-2024","status":"publish","type":"product","link":"https:\/\/dev.mivv.com\/fr\/product\/m-015-c1-moto-guzzi-v100-mandello-2022-2024\/","title":{"rendered":"M.015.C1 \u2013 MOTO GUZZI V100 MANDELLO 2022 > 2024"},"content":{"rendered":"<p>Les tubes d\u00e9catalyseur optionnelles, r\u00e9alis\u00e9s en acier inox, permettent d\u2019augmenter les performances du v\u00e9hicule surtout si associ\u00e9s au silencieux slip-on Mivv en garantissant un look plus \u00ab racing \u00bb et un son incomparable. Les tubes d\u00e9catalyseur ne sont pas homologu\u00e9s pour un usage routier.<\/p>\n","protected":false},"excerpt":{"rendered":"<p>No-kat pipe (convient aussi bien aux silencieux MIVV qu&rsquo;\u00e0 l&rsquo;original).<\/p>\n","protected":false},"featured_media":38843,"template":"","meta":{"_acf_changed":false},"product_brand":[21114,21104,21113],"product_cat":[794],"product_tag":[],"class_list":{"0":"post-80885","1":"product","2":"type-product","3":"status-publish","4":"has-post-thumbnail","6":"product_brand-2022-v-100-mandello","7":"product_brand-moto-guzzi","8":"product_brand-v-100-mandello","9":"product_cat-tube-sans-kat","11":"first","12":"instock","13":"shipping-taxable","14":"product-type-simple"},"acf":[],"_links":{"self":[{"href":"https:\/\/dev.mivv.com\/fr\/wp-json\/wp\/v2\/product\/80885","targetHints":{"allow":["GET"]}}],"collection":[{"href":"https:\/\/dev.mivv.com\/fr\/wp-json\/wp\/v2\/product"}],"about":[{"href":"https:\/\/dev.mivv.com\/fr\/wp-json\/wp\/v2\/types\/product"}],"wp:featuredmedia":[{"embeddable":true,"href":"https:\/\/dev.mivv.com\/fr\/wp-json\/wp\/v2\/media\/38843"}],"wp:attachment":[{"href":"https:\/\/dev.mivv.com\/fr\/wp-json\/wp\/v2\/media?parent=80885"}],"wp:term":[{"taxonomy":"product_brand","embeddable":true,"href":"https:\/\/dev.mivv.com\/fr\/wp-json\/wp\/v2\/product_brand?post=80885"},{"taxonomy":"product_cat","embeddable":true,"href":"https:\/\/dev.mivv.com\/fr\/wp-json\/wp\/v2\/product_cat?post=80885"},{"taxonomy":"product_tag","embeddable":true,"href":"https:\/\/dev.mivv.com\/fr\/wp-json\/wp\/v2\/product_tag?post=80885"}],"curies":[{"name":"wp","href":"https:\/\/api.w.org\/{rel}","templated":true}]}}