{"id":81200,"date":"2026-04-15T19:18:03","date_gmt":"2026-04-15T17:18:03","guid":{"rendered":"https:\/\/dev.mivv.com\/scarico-moto\/kt-020-c1-ktm-790-duke-2023-2024\/"},"modified":"2026-04-15T19:18:03","modified_gmt":"2026-04-15T17:18:03","slug":"kt-020-c1-ktm-790-duke-2023-2024","status":"publish","type":"product","link":"https:\/\/dev.mivv.com\/fr\/product\/kt-020-c1-ktm-790-duke-2023-2024\/","title":{"rendered":"KT.020.C1 \u2013 KTM 790 DUKE 2023 > 2024"},"content":{"rendered":"<p>Les tubes d\u00e9catalyseur optionnelles, r\u00e9alis\u00e9s en acier inox, permettent d\u2019augmenter les performances du v\u00e9hicule surtout si associ\u00e9s au silencieux slip-on Mivv en garantissant un look plus \u00ab racing \u00bb et un son incomparable. Les tubes d\u00e9catalyseur ne sont pas homologu\u00e9s pour un usage routier.<\/p>\n","protected":false},"excerpt":{"rendered":"<p>No-kat pipe (convient aussi bien aux silencieux MIVV qu&rsquo;\u00e0 l&rsquo;original)<\/p>\n","protected":false},"featured_media":29406,"template":"","meta":{"_acf_changed":false},"product_brand":[21023,21021,20972],"product_cat":[794],"product_tag":[],"class_list":{"0":"post-81200","1":"product","2":"type-product","3":"status-publish","4":"has-post-thumbnail","6":"product_brand-2023-790-duke","7":"product_brand-790-duke","8":"product_brand-ktm","9":"product_cat-tube-sans-kat","11":"first","12":"instock","13":"shipping-taxable","14":"product-type-simple"},"acf":[],"_links":{"self":[{"href":"https:\/\/dev.mivv.com\/fr\/wp-json\/wp\/v2\/product\/81200","targetHints":{"allow":["GET"]}}],"collection":[{"href":"https:\/\/dev.mivv.com\/fr\/wp-json\/wp\/v2\/product"}],"about":[{"href":"https:\/\/dev.mivv.com\/fr\/wp-json\/wp\/v2\/types\/product"}],"wp:featuredmedia":[{"embeddable":true,"href":"https:\/\/dev.mivv.com\/fr\/wp-json\/wp\/v2\/media\/29406"}],"wp:attachment":[{"href":"https:\/\/dev.mivv.com\/fr\/wp-json\/wp\/v2\/media?parent=81200"}],"wp:term":[{"taxonomy":"product_brand","embeddable":true,"href":"https:\/\/dev.mivv.com\/fr\/wp-json\/wp\/v2\/product_brand?post=81200"},{"taxonomy":"product_cat","embeddable":true,"href":"https:\/\/dev.mivv.com\/fr\/wp-json\/wp\/v2\/product_cat?post=81200"},{"taxonomy":"product_tag","embeddable":true,"href":"https:\/\/dev.mivv.com\/fr\/wp-json\/wp\/v2\/product_tag?post=81200"}],"curies":[{"name":"wp","href":"https:\/\/api.w.org\/{rel}","templated":true}]}}