{"id":81354,"date":"2026-04-15T19:18:49","date_gmt":"2026-04-15T17:18:49","guid":{"rendered":"https:\/\/dev.mivv.com\/scarico-moto\/s-062-sc5b-suzuki-gsx-8s-2022-2024\/"},"modified":"2026-04-15T19:18:49","modified_gmt":"2026-04-15T17:18:49","slug":"s-062-sc5b-suzuki-gsx-8s-2022-2024","status":"publish","type":"product","link":"https:\/\/dev.mivv.com\/fr\/product\/s-062-sc5b-suzuki-gsx-8s-2022-2024\/","title":{"rendered":"S.062.SC5B- SUZUKI GSX-8S 2022 > 2024"},"content":{"rendered":"<p>R\u00e9alis\u00e9 pour am\u00e9liorer <strong>l\u2019aspect, le son et les prestations<\/strong> de la moto, le pot slip-on Mivv est issu de l\u2019attention maximale vers le design, en vue de satisfaire ceux qui souhaitent se <strong>d\u00e9marquer<\/strong> aussi par l\u2019allure de leur moto.<\/p>\n<p>La gamme Mivv <strong>X-M5<\/strong>, fruit de l&rsquo;exp\u00e9rience acquise lors des championnats du monde <strong>MotoGP, Moto2<\/strong> et <strong>Moto3<\/strong>, est la synth\u00e8se parfaite entre <strong>style de course<\/strong> et <strong>performance<\/strong>. Avec un <strong>design<\/strong> similaire aux \u00e9chappements con\u00e7us pour le championnat du monde, le silencieux <strong>X-M5<\/strong> a une forme <strong>conique<\/strong> et des dimensions <strong>compactes<\/strong> capables de d\u00e9gager le <strong>son<\/strong> captivant MIVV.<\/p>\n<p>Il est \u00e9quip\u00e9 d\u2019une coupelle en <strong>carbone<\/strong> twill 3K et d\u2019une <strong>grille de protection amovible<\/strong> qui cache le dB-killer.<\/p>\n<p>La version <strong>Black<\/strong> est caract\u00e9ris\u00e9e par un corps central en acier inox noir 304 avec effet <strong>\u00ab\u00a0Black Moon\u00a0\u00bb<\/strong>, une finition obtenue gr\u00e2ce \u00e0 un proc\u00e9d\u00e9 de peinture sp\u00e9cial \u00e0 base de c\u00e9ramique.<\/p>\n<p><strong>X-M5 pur style italien<\/strong><\/p>\n","protected":false},"excerpt":{"rendered":"<p>NON HOMOLOGU\u00c9<\/p>\n","protected":false},"featured_media":64959,"template":"","meta":{"_acf_changed":false},"product_brand":[21253,21252,21211],"product_cat":[679],"product_tag":[],"class_list":{"0":"post-81354","1":"product","2":"type-product","3":"status-publish","4":"has-post-thumbnail","6":"product_brand-2022-gsx-8s","7":"product_brand-gsx-8s","8":"product_brand-suzuki","9":"product_cat-ligne-complete","11":"first","12":"instock","13":"shipping-taxable","14":"product-type-simple"},"acf":[],"_links":{"self":[{"href":"https:\/\/dev.mivv.com\/fr\/wp-json\/wp\/v2\/product\/81354","targetHints":{"allow":["GET"]}}],"collection":[{"href":"https:\/\/dev.mivv.com\/fr\/wp-json\/wp\/v2\/product"}],"about":[{"href":"https:\/\/dev.mivv.com\/fr\/wp-json\/wp\/v2\/types\/product"}],"wp:featuredmedia":[{"embeddable":true,"href":"https:\/\/dev.mivv.com\/fr\/wp-json\/wp\/v2\/media\/64959"}],"wp:attachment":[{"href":"https:\/\/dev.mivv.com\/fr\/wp-json\/wp\/v2\/media?parent=81354"}],"wp:term":[{"taxonomy":"product_brand","embeddable":true,"href":"https:\/\/dev.mivv.com\/fr\/wp-json\/wp\/v2\/product_brand?post=81354"},{"taxonomy":"product_cat","embeddable":true,"href":"https:\/\/dev.mivv.com\/fr\/wp-json\/wp\/v2\/product_cat?post=81354"},{"taxonomy":"product_tag","embeddable":true,"href":"https:\/\/dev.mivv.com\/fr\/wp-json\/wp\/v2\/product_tag?post=81354"}],"curies":[{"name":"wp","href":"https:\/\/api.w.org\/{rel}","templated":true}]}}