{"id":81557,"date":"2026-04-15T19:20:15","date_gmt":"2026-04-15T17:20:15","guid":{"rendered":"https:\/\/dev.mivv.com\/scarico-moto\/kt-021-lrb-ktm-890-smt-2023-2024\/"},"modified":"2026-04-15T19:20:15","modified_gmt":"2026-04-15T17:20:15","slug":"kt-021-lrb-ktm-890-smt-2023-2024","status":"publish","type":"product","link":"https:\/\/dev.mivv.com\/fr\/product\/kt-021-lrb-ktm-890-smt-2023-2024\/","title":{"rendered":"KT.021.LRB \u2013 KTM 890 SMT 2023 > 2024"},"content":{"rendered":"<p>R\u00e9alis\u00e9 pour am\u00e9liorer <strong>l\u2019aspect, le son et les prestations<\/strong> de la moto, le pot slip-on Mivv est issu de l\u2019attention maximale vers le design, en vue de satisfaire ceux qui souhaitent se <strong>d\u00e9marquer<\/strong> aussi par l\u2019allure de leur moto.<\/p>\n<p><strong>Concept modern<\/strong> et grandes prestations sont les qualit\u00e9s principales du pot SPEED EDGE, auxquelles se lie un <strong>son<\/strong> distinctement <strong>sportif<\/strong>.<\/p>\n<p>Le corps en acier noir <strong>\u201cBlack Moon\u201d<\/strong>, l\u2019embout et le collier en <strong>carbone<\/strong>, donnent \u00e0 ce pot un <strong>aspect<\/strong> agressif. Le silencieux a forme <strong>hexagonale<\/strong>.<\/p>\n","protected":false},"excerpt":{"rendered":"<p>PARE-CHALEUR CARBONE INCLUS<\/p>\n","protected":false},"featured_media":62659,"template":"","meta":{"_acf_changed":false},"product_brand":[21031,21030,20972],"product_cat":[704],"product_tag":[],"class_list":{"0":"post-81557","1":"product","2":"type-product","3":"status-publish","4":"has-post-thumbnail","6":"product_brand-2023-890-smt","7":"product_brand-890-smt","8":"product_brand-ktm","9":"product_cat-slip-on","11":"first","12":"instock","13":"shipping-taxable","14":"product-type-simple"},"acf":[],"_links":{"self":[{"href":"https:\/\/dev.mivv.com\/fr\/wp-json\/wp\/v2\/product\/81557","targetHints":{"allow":["GET"]}}],"collection":[{"href":"https:\/\/dev.mivv.com\/fr\/wp-json\/wp\/v2\/product"}],"about":[{"href":"https:\/\/dev.mivv.com\/fr\/wp-json\/wp\/v2\/types\/product"}],"wp:featuredmedia":[{"embeddable":true,"href":"https:\/\/dev.mivv.com\/fr\/wp-json\/wp\/v2\/media\/62659"}],"wp:attachment":[{"href":"https:\/\/dev.mivv.com\/fr\/wp-json\/wp\/v2\/media?parent=81557"}],"wp:term":[{"taxonomy":"product_brand","embeddable":true,"href":"https:\/\/dev.mivv.com\/fr\/wp-json\/wp\/v2\/product_brand?post=81557"},{"taxonomy":"product_cat","embeddable":true,"href":"https:\/\/dev.mivv.com\/fr\/wp-json\/wp\/v2\/product_cat?post=81557"},{"taxonomy":"product_tag","embeddable":true,"href":"https:\/\/dev.mivv.com\/fr\/wp-json\/wp\/v2\/product_tag?post=81557"}],"curies":[{"name":"wp","href":"https:\/\/api.w.org\/{rel}","templated":true}]}}